{"id":5985,"date":"2023-05-16T10:28:09","date_gmt":"2023-05-16T08:28:09","guid":{"rendered":"https:\/\/dev.huebener-ag.eu\/?page_id=5985"},"modified":"2024-01-18T08:44:27","modified_gmt":"2024-01-18T07:44:27","slug":"impressum","status":"publish","type":"page","link":"https:\/\/dev.huebener-ag.eu\/at\/impressum\/","title":{"rendered":"Impressum"},"content":{"rendered":"[vc_row type=&#8221;full_width_content&#8221; full_screen_row_position=&#8221;middle&#8221; column_margin=&#8221;default&#8221; equal_height=&#8221;yes&#8221; column_direction=&#8221;default&#8221; column_direction_tablet=&#8221;default&#8221; column_direction_phone=&#8221;default&#8221; bg_color=&#8221;rgba(0,0,0,0.03)&#8221; scene_position=&#8221;center&#8221; top_padding=&#8221;8%&#8221; bottom_padding=&#8221;6%&#8221; left_padding_desktop=&#8221;11%&#8221; constrain_group_2=&#8221;yes&#8221; right_padding_desktop=&#8221;11%&#8221; top_padding_tablet=&#8221;14%&#8221; bottom_padding_tablet=&#8221;10%&#8221; left_padding_tablet=&#8221;8%&#8221; constrain_group_4=&#8221;yes&#8221; right_padding_tablet=&#8221;8%&#8221; constrain_group_6=&#8221;yes&#8221; text_color=&#8221;dark&#8221; text_align=&#8221;left&#8221; row_border_radius=&#8221;none&#8221; row_border_radius_applies=&#8221;bg&#8221; overflow=&#8221;visible&#8221; id=&#8221;intro&#8221; advanced_gradient_angle=&#8221;0&#8243; overlay_strength=&#8221;0.3&#8243; gradient_direction=&#8221;left_to_right&#8221; shape_divider_position=&#8221;bottom&#8221; bg_image_animation=&#8221;none&#8221; gradient_type=&#8221;default&#8221; shape_type=&#8221;&#8221;][vc_column column_padding=&#8221;no-extra-padding&#8221; column_padding_tablet=&#8221;no-extra-padding&#8221; column_padding_phone=&#8221;no-extra-padding&#8221; column_padding_position=&#8221;all&#8221; column_element_direction_desktop=&#8221;default&#8221; column_element_spacing=&#8221;default&#8221; desktop_text_alignment=&#8221;default&#8221; tablet_text_alignment=&#8221;default&#8221; phone_text_alignment=&#8221;default&#8221; background_color_opacity=&#8221;1&#8243; background_hover_color_opacity=&#8221;1&#8243; column_backdrop_filter=&#8221;none&#8221; column_shadow=&#8221;none&#8221; column_border_radius=&#8221;none&#8221; column_link_target=&#8221;_self&#8221; column_position=&#8221;default&#8221; advanced_gradient_angle=&#8221;0&#8243; gradient_direction=&#8221;left_to_right&#8221; overlay_strength=&#8221;0.3&#8243; width=&#8221;2\/3&#8243; tablet_width_inherit=&#8221;default&#8221; animation_type=&#8221;default&#8221; bg_image_animation=&#8221;none&#8221; border_type=&#8221;simple&#8221; column_border_width=&#8221;none&#8221; column_border_style=&#8221;solid&#8221; gradient_type=&#8221;default&#8221; column_padding_type=&#8221;default&#8221; offset=&#8221;vc_col-lg-offset-2 vc_col-lg-8 vc_col-md-offset-0 vc_col-md-12&#8243;][split_line_heading animation_type=&#8221;line-reveal-by-space&#8221; font_style=&#8221;h1&#8243; text_color=&#8221;#004e27&#8243; line_reveal_by_space_text_effect=&#8221;default&#8221; content_alignment=&#8221;default&#8221; mobile_content_alignment=&#8221;inherit&#8221; link_target=&#8221;_self&#8221; text_content=&#8221;Impressum&#8221;][\/split_line_heading][vc_column_text]\n<h3>Anbieter<\/h3>\n<p>(Verantwortlicher i. S. d. \u00a7 18 Abs. 2 MStV)<br \/>\nDietmar Linde<br \/>\nH\u00fcbener Versicherungs AG<br \/>\nBallindamm 37<br \/>\n20095 Hamburg<br \/>\nDeutschland<\/p>\n<p><strong>Schadenservice<\/strong><br \/>\nTelefon: +49 40 226 31 78 &#8211; 99<br \/>\n<a href=\"mailto:post@huebener-ag.eu\">schaden@huebener-ag.eu<\/a><\/p>\n<p><strong>Kundenservice<\/strong><br \/>\nTelefon: +49 40 226 31 78 &#8211; 0<br \/>\n<a href=\"mailto:post@huebener-ag.eu\">post@huebener-ag.eu<\/a><\/p>\n<p><strong>Aufsichtsrat<\/strong><br \/>\nKersten Jodexnis (Vorsitzender)<\/p>\n<p><strong>Vorstand<\/strong><br \/>\nNicolas H\u00fcbener<br \/>\nDietmar Linde<\/p>\n<p><strong>Zust\u00e4ndige Aufsichtsbeh\u00f6rde<\/strong><br \/>\nBundesanstalt f\u00fcr Finanzdienstleistungsaufsicht (BaFin)<br \/>\nGraurheindorfer Stra\u00dfe 108 &#8211; 53177 Bonn<br \/>\nTelefon: +49 (0)228 4108 &#8211; 0<br \/>\nTelefax: +49 (0)228 4108 &#8211; 1550<br \/>\n<a href=\"mailto:poststelle@bafin.de\">poststelle@bafin.de<\/a><\/p>\n<p>Weitere Information finden Sie unter <a href=\"http:\/\/www.bafin.de\" rel=\"nofollow noopener\" target=\"_blank\">www.bafin.de<\/a>, <a href=\"https:\/\/portal.mvp.bafin.de\/database\/InstInfo\/institutDetails.do?cmd=loadInstitutAction&amp;institutId=5126\" rel=\"nofollow noopener\" target=\"_blank\">Zulassung f\u00fcr H\u00fcbener <\/a>und f\u00fcr \u00d6sterreich unter <a href=\"https:\/\/www.fma.gv.at\/\" rel=\"nofollow noopener\" target=\"_blank\">https:\/\/www.fma.gv.at\/<\/a>, <a href=\"https:\/\/fma-va.brz.gv.at\/pvaww\/VA_VUInfo.aspx?vcUnt_id=67654543\" rel=\"nofollow noopener\" target=\"_blank\">Zulassung f\u00fcr H\u00fcbener<\/a><\/p>\n<p><strong>Handelsregister<\/strong><br \/>\nRegistergericht Hamburg<br \/>\nRegisternummer: HR B 97637<\/p>\n<p><strong>Identifikationsnummern<\/strong><br \/>\nUSt-IdNr.: DE268127816<br \/>\nVersicherungssteuernummer: 806\/V90806014710<br \/>\nFeuerschutzsteuer: 836\/F91836001742<br \/>\nLegal Entity Identifier (LEI): 391200RD1DA0QVE8SG90<\/p>\n<p><strong>Verantwortlich f\u00fcr den Internetauftritt<\/strong><br \/>\nRedaktion: Nicolas H\u00fcbener, Dietmar Linde<br \/>\nWebmaster \/ Webdesign: Falk Zirkel, zirkel.design<\/p>\n<p><strong>Versicherungsombudsmann<\/strong><br \/>\nWir sind Mitglied im Verein Versicherungsombudsmann. Sie k\u00f6nnen deshalb das kostenlose, au\u00dfergerichtliche Streitschlichtungsverfahren in Anspruch nehmen:<\/p>\n<p>Versicherungsombudsmann e.V.<br \/>\nPostfach 080 632<br \/>\n10006 Berlin<br \/>\nDeutschland<br \/>\nTelefon: 0800 3696 000 oder +49 30 206058 99<br \/>\nTelefax: 0800 3699 000<br \/>\n<a href=\"mailto:beschwerde@versicherungsombudsmann.de\">beschwerde@versicherungsombudsmann.de<\/a><\/p>\n<p>Weitere Informationen finden Sie im Internet unter: <a href=\"https:\/\/www.versicherungsombudsmann.de\/\" target=\"_blank\" rel=\"noopener noreferrer nofollow\">www.versicherungsombudsmann.de<\/a><\/p>\n<h3>Online-Streitigkeiten in Verbraucherangelegenheiten<\/h3>\n<p>Haben Sie als Verbraucher den Vertrag elektronisch geschlossen (z.B. \u00fcber eine Internetseite oder per E-Mail), k\u00f6nnen Sie sich bei Beschwerden auch an die Plattform zur Online-Streitbeilegung der Europ\u00e4ischen Union (Online Dispute Resolution, ODR) wenden. Diese finden Sie auf dem Portal der Europ\u00e4ischen Kommission. Ihre Beschwerde wird dann \u00fcber die Plattform f\u00fcr au\u00dfergerichtliche Online-Streitbeilegung (<a href=\"https:\/\/ec.europa.eu\/\" rel=\"nofollow noopener\" target=\"_blank\">https:\/\/ec.europa.eu\/<\/a>) dem Versicherungsombudsmann e. V. weitergeleitet.<\/p>\n<h3>Inhalt des Onlineangebotes<\/h3>\n<p>Wir \u00fcbernehmen keinerlei Gew\u00e4hr f\u00fcr die Aktualit\u00e4t, Korrektheit, Vollst\u00e4ndigkeit oder Qualit\u00e4t der bereitgestellten Informationen. Haftungsanspr\u00fcche gegen uns, welche sich auf Sch\u00e4den materieller oder ideeller Art beziehen, die durch die Nutzung oder Nichtnutzung der dargebotenen Informationen bzw. durch die Nutzung fehlerhafter und unvollst\u00e4ndiger Informationen verursacht wurden, sind grunds\u00e4tzlich ausgeschlossen, sofern von uns kein nachweislich vors\u00e4tzliches oder grob fahrl\u00e4ssiges Verschulden vorliegt.<\/p>\n<p>Alle Angebote sind freibleibend und unverbindlich. Wir behalten es uns ausdr\u00fccklich vor, Teile der Seiten oder das gesamte Angebot ohne gesonderte Ank\u00fcndigung zu ver\u00e4ndern, zu erg\u00e4nzen, zu l\u00f6schen oder die Ver\u00f6ffentlichung zeitweise oder endg\u00fcltig einzustellen.<\/p>\n<h3>Verweise und Links<\/h3>\n<p>Bei direkten oder indirekten Verweisen auf fremde Internetseiten (\u201eLinks\u201c), die au\u00dferhalb unseres Verantwortungsbereiches liegen, w\u00fcrde eine Haftungsverpflichtung ausschlie\u00dflich in dem Fall in Kraft treten, in dem wir von den Inhalten Kenntnis hatten und es uns technisch m\u00f6glich und zumutbar w\u00e4re, die Nutzung im Falle rechtswidriger Inhalte zu verhindern.<\/p>\n<p>Wir erkl\u00e4ren hiermit ausdr\u00fccklich, dass zum Zeitpunkt der Linksetzung keine illegalen Inhalte auf den zu verlinkenden Seiten erkennbar waren. Auf die aktuelle und zuk\u00fcnftige Gestaltung, die Inhalte oder die Urheberschaft der gelinkten\/verkn\u00fcpften Seiten haben wir keinerlei Einfluss. Deshalb distanzieren wir uns hiermit ausdr\u00fccklich von allen Inhalten aller gelinkten\/verkn\u00fcpften Seiten, die nach der Linksetzung ver\u00e4ndert wurden. Diese Feststellung gilt f\u00fcr alle innerhalb des eigenen Internetangebotes gesetzten Links und Verweise sowie f\u00fcr Fremdeintr\u00e4ge in von uns eingerichteten G\u00e4steb\u00fcchern, Diskussionsforen und Mailinglisten. F\u00fcr illegale, fehlerhafte oder unvollst\u00e4ndige Inhalte und insbesondere f\u00fcr Sch\u00e4den, die aus der Nutzung oder Nichtnutzung solcherart dargebotener Informationen entstehen, haftet allein der Anbieter der Seite, auf welche verwiesen wurde, nicht derjenige, der \u00fcber Links auf die jeweilige Ver\u00f6ffentlichung lediglich verweist.<\/p>\n<h3>Urheber- und Kennzeichenrecht<\/h3>\n<p>Wir sind bestrebt, in allen Publikationen die Urheberrechte der verwendeten Grafiken, Tondokumente, Videosequenzen und Texte zu beachten, von uns selbst erstellte Grafiken, Tondokumente, Videosequenzen und Texte zu nutzen oder auf lizenzfreie Grafiken, Tondokumente, Videosequenzen und Texte zur\u00fcckzugreifen.<\/p>\n<p>Alle innerhalb des Internetangebotes genannten und ggf. durch Dritte gesch\u00fctzten Marken- und Warenzeichen unterliegen uneingeschr\u00e4nkt den Bestimmungen des jeweils g\u00fcltigen Kennzeichenrechts und den Besitzrechten der jeweiligen eingetragenen Eigent\u00fcmer. Allein aufgrund der blo\u00dfen Nennung ist nicht der Schluss zu ziehen, dass Markenzeichen nicht durch Rechte Dritter gesch\u00fctzt sind!<\/p>\n<p>Das Copyright f\u00fcr ver\u00f6ffentlichte, von uns selbst erstellte Objekte bleibt allein bei uns als Autor der Seiten. Eine Vervielf\u00e4ltigung oder Verwendung solcher Grafiken, Tondokumente, Videosequenzen und Texte in anderen elektronischen oder gedruckten Publikationen ist ohne unsere ausdr\u00fcckliche Zustimmung des Autors nicht gestattet.<\/p>\n<p>Rechtswirksamkeit dieses Haftungsausschlusses<br \/>\nDieser Haftungsausschluss ist als Teil des Internetangebotes zu betrachten, von dem aus auf diese Seite verwiesen wurde. Sofern Teile oder einzelne Formulierungen dieses Textes der geltenden Rechtslage nicht, nicht mehr oder nicht vollst\u00e4ndig entsprechen sollten, bleiben die \u00fcbrigen Teile des Dokumentes in ihrem Inhalt und ihrer G\u00fcltigkeit davon unber\u00fchrt.<\/p>\n<h3>Disclaimer<\/h3>\n<p>Die hier gegebenen Informationen erfolgten zur Erf\u00fcllung nachfolgend genannter gesetzlicher Verpflichtungen:<\/p>\n<ul>\n<li>5 und \u00a7 6 Telemediengesetz (TMG)<\/li>\n<li>4 Abs. 3 Bundesdatenschutzgesetz (BDSG)<\/li>\n<li>312c B\u00fcrgerliches Gesetzbuch (BGB)<\/li>\n<li>1 BGB-Informationspflichten-Verordnung (BGB-InfoV)<\/li>\n<\/ul>\n<h3>Bildnachweise \/ Videos<\/h3>\n<p>Antonio Correa d Almeida \/ istockphoto.com<br \/>\nGizmo \/ istockphoto.com<br \/>\nOleksandra Troian \/ istockphoto.com<br \/>\ncharles taylor \/ istockphoto.com<br \/>\nSVTeam \/ istockphoto.com<br \/>\nDaniel Balakov \/ istockphoto.com<br \/>\nartlab \/ istockphoto.com<br \/>\nsandsun \/ istockphoto.com[\/vc_column_text][\/vc_column][\/vc_row]\n","protected":false},"excerpt":{"rendered":"<p>[vc_row type=&#8221;full_width_content&#8221; full_screen_row_position=&#8221;middle&#8221; column_margin=&#8221;default&#8221; equal_height=&#8221;yes&#8221; column_direction=&#8221;default&#8221; column_direction_tablet=&#8221;default&#8221; column_direction_phone=&#8221;default&#8221; bg_color=&#8221;rgba(0,0,0,0.03)&#8221; scene_position=&#8221;center&#8221; top_padding=&#8221;8%&#8221; bottom_padding=&#8221;6%&#8221; left_padding_desktop=&#8221;11%&#8221; constrain_group_2=&#8221;yes&#8221; right_padding_desktop=&#8221;11%&#8221; top_padding_tablet=&#8221;14%&#8221; bottom_padding_tablet=&#8221;10%&#8221; left_padding_tablet=&#8221;8%&#8221; constrain_group_4=&#8221;yes&#8221; right_padding_tablet=&#8221;8%&#8221; constrain_group_6=&#8221;yes&#8221; text_color=&#8221;dark&#8221; text_align=&#8221;left&#8221; row_border_radius=&#8221;none&#8221; row_border_radius_applies=&#8221;bg&#8221; overflow=&#8221;visible&#8221; id=&#8221;intro&#8221; advanced_gradient_angle=&#8221;0&#8243; overlay_strength=&#8221;0.3&#8243; gradient_direction=&#8221;left_to_right&#8221;&#8230;<\/p>\n","protected":false},"author":2,"featured_media":0,"parent":0,"menu_order":0,"comment_status":"closed","ping_status":"closed","template":"","meta":{"_acf_changed":false,"footnotes":""},"ppma_author":[86],"acf":[],"_links":{"self":[{"href":"https:\/\/dev.huebener-ag.eu\/at\/wp-json\/wp\/v2\/pages\/5985"}],"collection":[{"href":"https:\/\/dev.huebener-ag.eu\/at\/wp-json\/wp\/v2\/pages"}],"about":[{"href":"https:\/\/dev.huebener-ag.eu\/at\/wp-json\/wp\/v2\/types\/page"}],"author":[{"embeddable":true,"href":"https:\/\/dev.huebener-ag.eu\/at\/wp-json\/wp\/v2\/users\/2"}],"replies":[{"embeddable":true,"href":"https:\/\/dev.huebener-ag.eu\/at\/wp-json\/wp\/v2\/comments?post=5985"}],"version-history":[{"count":1,"href":"https:\/\/dev.huebener-ag.eu\/at\/wp-json\/wp\/v2\/pages\/5985\/revisions"}],"predecessor-version":[{"id":5986,"href":"https:\/\/dev.huebener-ag.eu\/at\/wp-json\/wp\/v2\/pages\/5985\/revisions\/5986"}],"wp:attachment":[{"href":"https:\/\/dev.huebener-ag.eu\/at\/wp-json\/wp\/v2\/media?parent=5985"}],"wp:term":[{"taxonomy":"author","embeddable":true,"href":"https:\/\/dev.huebener-ag.eu\/at\/wp-json\/wp\/v2\/ppma_author?post=5985"}],"curies":[{"name":"wp","href":"https:\/\/api.w.org\/{rel}","templated":true}]}}