{"id":6001,"date":"2023-12-14T14:17:42","date_gmt":"2023-12-14T13:17:42","guid":{"rendered":"https:\/\/dev.huebener-ag.eu\/?page_id=6001"},"modified":"2024-01-18T08:44:28","modified_gmt":"2024-01-18T07:44:28","slug":"makler-werden","status":"publish","type":"page","link":"https:\/\/dev.huebener-ag.eu\/at\/makler-werden\/","title":{"rendered":"Makler werden"},"content":{"rendered":"[vc_row type=&#8221;full_width_content&#8221; full_screen_row_position=&#8221;middle&#8221; column_margin=&#8221;default&#8221; column_direction=&#8221;default&#8221; column_direction_tablet=&#8221;default&#8221; column_direction_phone=&#8221;default&#8221; bg_color=&#8221;rgba(0,0,0,0.03)&#8221; scene_position=&#8221;center&#8221; top_padding=&#8221;8%&#8221; bottom_padding=&#8221;6%&#8221; left_padding_desktop=&#8221;11%&#8221; constrain_group_2=&#8221;yes&#8221; right_padding_desktop=&#8221;11%&#8221; top_padding_tablet=&#8221;14%&#8221; bottom_padding_tablet=&#8221;10%&#8221; left_padding_tablet=&#8221;8%&#8221; constrain_group_4=&#8221;yes&#8221; right_padding_tablet=&#8221;8%&#8221; top_padding_phone=&#8221;10%&#8221; constrain_group_6=&#8221;yes&#8221; text_color=&#8221;dark&#8221; text_align=&#8221;left&#8221; row_border_radius=&#8221;none&#8221; row_border_radius_applies=&#8221;bg&#8221; overflow=&#8221;visible&#8221; id=&#8221;intro&#8221; advanced_gradient_angle=&#8221;0&#8243; overlay_strength=&#8221;0.3&#8243; gradient_direction=&#8221;left_to_right&#8221; shape_divider_position=&#8221;bottom&#8221; bg_image_animation=&#8221;none&#8221; gradient_type=&#8221;default&#8221; shape_type=&#8221;&#8221;][vc_column column_padding=&#8221;no-extra-padding&#8221; column_padding_tablet=&#8221;no-extra-padding&#8221; column_padding_phone=&#8221;no-extra-padding&#8221; column_padding_position=&#8221;all&#8221; column_element_direction_desktop=&#8221;default&#8221; column_element_spacing=&#8221;default&#8221; desktop_text_alignment=&#8221;default&#8221; tablet_text_alignment=&#8221;default&#8221; phone_text_alignment=&#8221;default&#8221; background_color_opacity=&#8221;1&#8243; background_hover_color_opacity=&#8221;1&#8243; column_backdrop_filter=&#8221;none&#8221; column_shadow=&#8221;none&#8221; column_border_radius=&#8221;none&#8221; column_link_target=&#8221;_self&#8221; column_position=&#8221;default&#8221; advanced_gradient_angle=&#8221;0&#8243; gradient_direction=&#8221;left_to_right&#8221; overlay_strength=&#8221;0.3&#8243; width=&#8221;2\/3&#8243; tablet_width_inherit=&#8221;default&#8221; animation_type=&#8221;default&#8221; bg_image_animation=&#8221;none&#8221; border_type=&#8221;simple&#8221; column_border_width=&#8221;none&#8221; column_border_style=&#8221;solid&#8221; gradient_type=&#8221;default&#8221; column_padding_type=&#8221;default&#8221;][vc_raw_html]JTNDZGl2JTIwY2xhc3MlM0QlMjJuZWN0YXItaW5oZXJpdC1oNSUyMHdwYl9jb250ZW50X2VsZW1lbnQlMjIlM0VIJUMzJTlDQkVORVIlM0MlMkZkaXYlM0U=[\/vc_raw_html][split_line_heading animation_type=&#8221;line-reveal-by-space&#8221; font_style=&#8221;h1&#8243; text_color=&#8221;#004e27&#8243; line_reveal_by_space_text_effect=&#8221;default&#8221; content_alignment=&#8221;default&#8221; mobile_content_alignment=&#8221;inherit&#8221; link_target=&#8221;_self&#8221; text_content=&#8221;Makler werden&#8221;][\/split_line_heading][vc_column_text]Im Maklermarkt gibt es aktuell eine gro\u00dfe Konsolidierung. H\u00e4ufig wird argumentiert, dass Versicherer sich nur noch gro\u00dfen Maklereinheiten zuwenden (werden). Wir sehen das anders. Dort wo es \u201eMainstream\u201c gibt, entstehen auch immer Nischen. Wir als H\u00fcbener sind ein solcher Versicherer. Bezogen auf Versicherungsmakler bedeutet dies f\u00fcr uns, dass wir offen f\u00fcr alle registrierten Makler sind. Ohne Mindestumsatz, daf\u00fcr mit pers\u00f6nlicher Ansprache.<\/p>\n<p>Bitte laden Sie hier unseren <a href=\"\/app\/uploads\/Antrag_Courtagezusage_de_2021-03.pdf\" target=\"_blank\" rel=\"noopener\">Antrag auf Courtagezusage<\/a> und bei Bedarf den <a href=\"\/app\/uploads\/Antrag_Abrechnungsstelle_de_2021-03.pdf\" target=\"_blank\" rel=\"noopener\">Antrag auf Einrichtung einer weiteren Abrechnungsstelle<\/a> runter. Wir bitten Sie diese auszuf\u00fcllen, zu unterschreiben und an uns zur\u00fcckzusenden. Bitte beachten Sie, dass wir zus\u00e4tzlich noch die im Antrag <strong>unter Ziffer 9 genannten Unterlagen<\/strong> ben\u00f6tigen. Anschlie\u00dfend erhalten Sie von uns die Courtagezusage zugesandt.<\/p>\n<p>Sollten Sie nur eine sehr geringe Schnittmenge mit unserem Produktangebot haben und m\u00f6chten daher lieber ohne eine eigene Anbindung bei uns eindecken, dann unterst\u00fctzen wir Sie gerne bei der Suche nach einem geeigneten Maklerpool.[\/vc_column_text][split_line_heading animation_type=&#8221;line-reveal-by-space&#8221; font_style=&#8221;h3&#8243; text_color=&#8221;#e3001a&#8221; line_reveal_by_space_text_effect=&#8221;default&#8221; content_alignment=&#8221;default&#8221; mobile_content_alignment=&#8221;inherit&#8221; link_target=&#8221;_self&#8221; text_content=&#8221;Downloads&#8221;][\/split_line_heading][vc_column_text]\n<ul>\n<li><a href=\"\/app\/uploads\/Antrag_Courtagezusage_de_2021-03.pdf\">Antrag auf Courtagezusage<\/a><\/li>\n<li><a href=\"\/app\/uploads\/Antrag_Abrechnungsstelle_de_2021-03.pdf\">Antrag auf Einrichtung einer weiteren Abrechnungsstelle<\/a><\/li>\n<\/ul>\n[\/vc_column_text][\/vc_column][vc_column column_padding=&#8221;no-extra-padding&#8221; column_padding_tablet=&#8221;inherit&#8221; column_padding_phone=&#8221;inherit&#8221; column_padding_position=&#8221;all&#8221; top_margin_tablet=&#8221;50&#8243; column_element_direction_desktop=&#8221;default&#8221; column_element_spacing=&#8221;default&#8221; centered_text=&#8221;true&#8221; desktop_text_alignment=&#8221;default&#8221; tablet_text_alignment=&#8221;default&#8221; phone_text_alignment=&#8221;default&#8221; sticky_content=&#8221;true&#8221; sticky_content_functionality=&#8221;js&#8221; background_color_opacity=&#8221;1&#8243; background_hover_color_opacity=&#8221;1&#8243; column_backdrop_filter=&#8221;none&#8221; column_shadow=&#8221;none&#8221; column_border_radius=&#8221;none&#8221; column_link_target=&#8221;_self&#8221; column_position=&#8221;default&#8221; gradient_direction=&#8221;left_to_right&#8221; overlay_strength=&#8221;0.3&#8243; width=&#8221;1\/3&#8243; tablet_width_inherit=&#8221;default&#8221; animation_type=&#8221;default&#8221; bg_image_animation=&#8221;none&#8221; border_type=&#8221;simple&#8221; column_border_width=&#8221;none&#8221; column_border_style=&#8221;solid&#8221; column_padding_type=&#8221;default&#8221; gradient_type=&#8221;default&#8221;][nectar_circle_images images=&#8221;4786&#8243; sizing=&#8221;200&#8243; positioning=&#8221;standard&#8221; alignment_desktop=&#8221;middle&#8221; alignment_tablet=&#8221;inherit&#8221; alignment_phone=&#8221;inherit&#8221; animation=&#8221;fade-in&#8221; image_size=&#8221;medium_featured&#8221; image_loading=&#8221;default&#8221;][divider line_type=&#8221;No Line&#8221; custom_height=&#8221;15&#8243;][split_line_heading animation_type=&#8221;line-reveal-by-space&#8221; font_style=&#8221;h4&#8243; text_color=&#8221;#e3001a&#8221; line_reveal_by_space_text_effect=&#8221;default&#8221; content_alignment=&#8221;center&#8221; mobile_content_alignment=&#8221;inherit&#8221; link_target=&#8221;_self&#8221; text_content=&#8221;Ihr Ansprechpartnerin&#8221;][\/split_line_heading][vc_column_text]<strong>Kathrin Sund-Plutzas<\/strong><br \/>\n<a href=\"tel:+494022631780\">+49 40 226 31 78 \u2013 0<\/a><a class=\"link-underline\" href=\"mailto:post@huebener-ag.eu\" target=\"_blank\" rel=\"noopener\"><br \/>\n<\/a><a class=\"link-underline\" href=\"mailto:post@huebener-ag.eu\" target=\"_blank\" rel=\"noopener\">post@huebener-ag.eu<\/a>[\/vc_column_text][\/vc_column][\/vc_row][vc_row type=&#8221;full_width_content&#8221; full_screen_row_position=&#8221;middle&#8221; column_margin=&#8221;100px&#8221; equal_height=&#8221;yes&#8221; column_direction=&#8221;default&#8221; column_direction_tablet=&#8221;default&#8221; column_direction_phone=&#8221;default&#8221; bg_color=&#8221;rgba(0,0,0,0.03)&#8221; scene_position=&#8221;center&#8221; top_padding=&#8221;8%&#8221; bottom_padding=&#8221;6%&#8221; left_padding_desktop=&#8221;8%&#8221; right_padding_desktop=&#8221;8%&#8221; top_padding_tablet=&#8221;14%&#8221; bottom_padding_tablet=&#8221;10%&#8221; left_padding_tablet=&#8221;4%&#8221; constrain_group_4=&#8221;yes&#8221; right_padding_tablet=&#8221;4%&#8221; top_padding_phone=&#8221;16%&#8221; bottom_padding_phone=&#8221;16%&#8221; left_padding_phone=&#8221;0&#8243; constrain_group_6=&#8221;yes&#8221; right_padding_phone=&#8221;0&#8243; text_color=&#8221;dark&#8221; text_align=&#8221;left&#8221; row_border_radius=&#8221;none&#8221; row_border_radius_applies=&#8221;bg&#8221; overflow=&#8221;visible&#8221; id=&#8221;intro&#8221; disable_element=&#8221;yes&#8221; advanced_gradient_angle=&#8221;0&#8243; overlay_strength=&#8221;0.3&#8243; gradient_direction=&#8221;left_to_right&#8221; shape_divider_position=&#8221;bottom&#8221; bg_image_animation=&#8221;none&#8221; gradient_type=&#8221;default&#8221; shape_type=&#8221;&#8221;][vc_column column_padding=&#8221;no-extra-padding&#8221; column_padding_tablet=&#8221;no-extra-padding&#8221; column_padding_phone=&#8221;no-extra-padding&#8221; column_padding_position=&#8221;all&#8221; column_element_direction_desktop=&#8221;default&#8221; column_element_spacing=&#8221;default&#8221; desktop_text_alignment=&#8221;default&#8221; tablet_text_alignment=&#8221;default&#8221; phone_text_alignment=&#8221;default&#8221; background_color_opacity=&#8221;1&#8243; background_hover_color_opacity=&#8221;1&#8243; column_backdrop_filter=&#8221;none&#8221; column_shadow=&#8221;none&#8221; column_border_radius=&#8221;none&#8221; column_link_target=&#8221;_self&#8221; column_position=&#8221;default&#8221; advanced_gradient_angle=&#8221;0&#8243; gradient_direction=&#8221;left_to_right&#8221; overlay_strength=&#8221;0.3&#8243; width=&#8221;2\/3&#8243; tablet_width_inherit=&#8221;default&#8221; animation_type=&#8221;default&#8221; bg_image_animation=&#8221;none&#8221; border_type=&#8221;simple&#8221; column_border_width=&#8221;none&#8221; column_border_style=&#8221;solid&#8221; gradient_type=&#8221;default&#8221; column_padding_type=&#8221;default&#8221;][vc_column_text]\n<h5>H\u00dcBENER<\/h5>\n[\/vc_column_text][split_line_heading animation_type=&#8221;line-reveal-by-space&#8221; font_style=&#8221;h1&#8243; text_color=&#8221;#004e27&#8243; line_reveal_by_space_text_effect=&#8221;default&#8221; content_alignment=&#8221;default&#8221; mobile_content_alignment=&#8221;inherit&#8221; link_target=&#8221;_self&#8221; text_content=&#8221;Makler werden&#8221;][\/split_line_heading][vc_column_text]Im Maklermarkt gibt es aktuell eine gro\u00dfe Konsolidierung. H\u00e4ufig wird argumentiert, dass Versicherer sich nur noch gro\u00dfen Maklereinheiten zuwenden (werden). Wir sehen das anders. Dort wo es \u201eMainstream\u201c gibt, entstehen auch immer Nischen. Wir als H\u00fcbener sind ein solcher Versicherer. Bezogen auf Versicherungsmakler bedeutet dies f\u00fcr uns, dass wir offen f\u00fcr alle registrierten Makler sind. Ohne Mindestumsatz, daf\u00fcr mit pers\u00f6nlicher Ansprache.<\/p>\n<p>Bitte laden Sie hier unseren <a href=\"\/app\/uploads\/Antrag_Courtagezusage_de_2021-03.pdf\" target=\"_blank\" rel=\"noopener\">Antrag auf Courtagezusage<\/a> und bei Bedarf den <a href=\"\/app\/uploads\/Antrag_Abrechnungsstelle_de_2021-03.pdf\" target=\"_blank\" rel=\"noopener\">Antrag auf Einrichtung einer weiteren Abrechnungsstelle<\/a> runter. Wir bitten Sie diese auszuf\u00fcllen, zu unterschreiben und an uns zur\u00fcckzusenden. Bitte beachten Sie, dass wir zus\u00e4tzlich noch die im Antrag <strong>unter Ziffer 9 genannten Unterlagen<\/strong> ben\u00f6tigen. Anschlie\u00dfend erhalten Sie von uns die Courtagezusage zugesandt.<\/p>\n<p>Sollten Sie nur eine sehr geringe Schnittmenge mit unserem Produktangebot haben und m\u00f6chten daher lieber ohne eine eigene Anbindung bei uns eindecken, dann unterst\u00fctzen wir Sie gerne bei der Suche nach einem geeigneten Maklerpool.[\/vc_column_text][split_line_heading animation_type=&#8221;line-reveal-by-space&#8221; font_style=&#8221;h3&#8243; text_color=&#8221;#e3001a&#8221; line_reveal_by_space_text_effect=&#8221;default&#8221; content_alignment=&#8221;default&#8221; mobile_content_alignment=&#8221;inherit&#8221; link_target=&#8221;_self&#8221; text_content=&#8221;Downloads&#8221;][\/split_line_heading][vc_column_text]\n<ul>\n<li><a href=\"\/app\/uploads\/Antrag_Courtagezusage_de_2021-03.pdf\">Antrag auf Courtagezusage<\/a><\/li>\n<li><a href=\"\/app\/uploads\/Antrag_Abrechnungsstelle_de_2021-03.pdf\">Antrag auf Einrichtung einer weiteren Abrechnungsstelle<\/a><\/li>\n<\/ul>\n[\/vc_column_text][\/vc_column][vc_column column_padding=&#8221;no-extra-padding&#8221; column_padding_tablet=&#8221;inherit&#8221; column_padding_phone=&#8221;inherit&#8221; column_padding_position=&#8221;all&#8221; top_margin_tablet=&#8221;50&#8243; column_element_direction_desktop=&#8221;default&#8221; column_element_spacing=&#8221;default&#8221; centered_text=&#8221;true&#8221; desktop_text_alignment=&#8221;default&#8221; tablet_text_alignment=&#8221;default&#8221; phone_text_alignment=&#8221;default&#8221; sticky_content=&#8221;true&#8221; sticky_content_functionality=&#8221;js&#8221; background_color_opacity=&#8221;1&#8243; background_hover_color_opacity=&#8221;1&#8243; column_backdrop_filter=&#8221;none&#8221; column_shadow=&#8221;none&#8221; column_border_radius=&#8221;none&#8221; column_link_target=&#8221;_self&#8221; column_position=&#8221;default&#8221; gradient_direction=&#8221;left_to_right&#8221; overlay_strength=&#8221;0.3&#8243; width=&#8221;1\/3&#8243; tablet_width_inherit=&#8221;default&#8221; animation_type=&#8221;default&#8221; bg_image_animation=&#8221;none&#8221; border_type=&#8221;simple&#8221; column_border_width=&#8221;none&#8221; column_border_style=&#8221;solid&#8221; column_padding_type=&#8221;default&#8221; gradient_type=&#8221;default&#8221;][nectar_circle_images images=&#8221;4807&#8243; sizing=&#8221;200&#8243; positioning=&#8221;standard&#8221; alignment_desktop=&#8221;middle&#8221; alignment_tablet=&#8221;inherit&#8221; alignment_phone=&#8221;inherit&#8221; animation=&#8221;fade-in&#8221; image_size=&#8221;medium_featured&#8221; image_loading=&#8221;default&#8221;][divider line_type=&#8221;No Line&#8221; custom_height=&#8221;15&#8243;][split_line_heading animation_type=&#8221;line-reveal-by-space&#8221; font_style=&#8221;h4&#8243; text_color=&#8221;#e3001a&#8221; line_reveal_by_space_text_effect=&#8221;default&#8221; content_alignment=&#8221;center&#8221; mobile_content_alignment=&#8221;inherit&#8221; link_target=&#8221;_self&#8221; text_content=&#8221;Ihr Ansprechpartner&#8221;][\/split_line_heading][vc_column_text]<strong>Vorname Name<\/strong><br \/>\n<a href=\"tel:+494022631780\">+49 40 226 31 78 \u2013 0<\/a><a class=\"link-underline\" href=\"mailto:post@huebener-ag.eu\" target=\"_blank\" rel=\"noopener\"><br \/>\n<\/a><a class=\"link-underline\" href=\"mailto:post@huebener-ag.eu\" target=\"_blank\" rel=\"noopener\">post@huebener-ag.eu<\/a>[\/vc_column_text][\/vc_column][\/vc_row]\n","protected":false},"excerpt":{"rendered":"<p>[vc_row type=&#8221;full_width_content&#8221; full_screen_row_position=&#8221;middle&#8221; column_margin=&#8221;default&#8221; column_direction=&#8221;default&#8221; column_direction_tablet=&#8221;default&#8221; column_direction_phone=&#8221;default&#8221; bg_color=&#8221;rgba(0,0,0,0.03)&#8221; scene_position=&#8221;center&#8221; top_padding=&#8221;8%&#8221; bottom_padding=&#8221;6%&#8221; left_padding_desktop=&#8221;11%&#8221; constrain_group_2=&#8221;yes&#8221; right_padding_desktop=&#8221;11%&#8221; top_padding_tablet=&#8221;14%&#8221; bottom_padding_tablet=&#8221;10%&#8221; left_padding_tablet=&#8221;8%&#8221; constrain_group_4=&#8221;yes&#8221; right_padding_tablet=&#8221;8%&#8221; top_padding_phone=&#8221;10%&#8221; constrain_group_6=&#8221;yes&#8221; text_color=&#8221;dark&#8221; text_align=&#8221;left&#8221; row_border_radius=&#8221;none&#8221; row_border_radius_applies=&#8221;bg&#8221; overflow=&#8221;visible&#8221; id=&#8221;intro&#8221; advanced_gradient_angle=&#8221;0&#8243; overlay_strength=&#8221;0.3&#8243; gradient_direction=&#8221;left_to_right&#8221;&#8230;<\/p>\n","protected":false},"author":2,"featured_media":0,"parent":0,"menu_order":0,"comment_status":"closed","ping_status":"closed","template":"","meta":{"_acf_changed":false,"footnotes":""},"ppma_author":[86],"acf":[],"_links":{"self":[{"href":"https:\/\/dev.huebener-ag.eu\/at\/wp-json\/wp\/v2\/pages\/6001"}],"collection":[{"href":"https:\/\/dev.huebener-ag.eu\/at\/wp-json\/wp\/v2\/pages"}],"about":[{"href":"https:\/\/dev.huebener-ag.eu\/at\/wp-json\/wp\/v2\/types\/page"}],"author":[{"embeddable":true,"href":"https:\/\/dev.huebener-ag.eu\/at\/wp-json\/wp\/v2\/users\/2"}],"replies":[{"embeddable":true,"href":"https:\/\/dev.huebener-ag.eu\/at\/wp-json\/wp\/v2\/comments?post=6001"}],"version-history":[{"count":1,"href":"https:\/\/dev.huebener-ag.eu\/at\/wp-json\/wp\/v2\/pages\/6001\/revisions"}],"predecessor-version":[{"id":6002,"href":"https:\/\/dev.huebener-ag.eu\/at\/wp-json\/wp\/v2\/pages\/6001\/revisions\/6002"}],"wp:attachment":[{"href":"https:\/\/dev.huebener-ag.eu\/at\/wp-json\/wp\/v2\/media?parent=6001"}],"wp:term":[{"taxonomy":"author","embeddable":true,"href":"https:\/\/dev.huebener-ag.eu\/at\/wp-json\/wp\/v2\/ppma_author?post=6001"}],"curies":[{"name":"wp","href":"https:\/\/api.w.org\/{rel}","templated":true}]}}