{"id":7019,"date":"2023-05-04T19:39:13","date_gmt":"2023-05-04T17:39:13","guid":{"rendered":"https:\/\/dev.huebener-ag.eu\/?page_id=7019"},"modified":"2024-04-08T18:46:01","modified_gmt":"2024-04-08T16:46:01","slug":"downloads","status":"publish","type":"page","link":"https:\/\/dev.huebener-ag.eu\/en\/downloads\/","title":{"rendered":"Downloads"},"content":{"rendered":"[vc_row type=&#8221;full_width_content&#8221; full_screen_row_position=&#8221;middle&#8221; column_margin=&#8221;default&#8221; column_direction=&#8221;default&#8221; column_direction_tablet=&#8221;default&#8221; column_direction_phone=&#8221;default&#8221; bg_color=&#8221;#004e27&#8243; full_height=&#8221;yes&#8221; scene_position=&#8221;center&#8221; left_padding_desktop=&#8221;8%&#8221; constrain_group_2=&#8221;yes&#8221; right_padding_desktop=&#8221;8%&#8221; top_padding_tablet=&#8221;10%&#8221; bottom_padding_tablet=&#8221;10%&#8221; top_padding_phone=&#8221;10%&#8221; bottom_padding_phone=&#8221;10%&#8221; text_color=&#8221;light&#8221; text_align=&#8221;left&#8221; row_border_radius=&#8221;none&#8221; row_border_radius_applies=&#8221;bg&#8221; zindex=&#8221;100&#8243; overflow=&#8221;hidden&#8221; class=&#8221;bg-green&#8221; advanced_gradient_angle=&#8221;0&#8243; overlay_strength=&#8221;0.5&#8243; gradient_direction=&#8221;radial&#8221; shape_divider_position=&#8221;bottom&#8221; bg_image_animation=&#8221;fade-in&#8221; mobile_disable_bg_image_animation=&#8221;true&#8221; shape_type=&#8221;tilt_alt&#8221; gradient_type=&#8221;default&#8221;][vc_column column_padding=&#8221;no-extra-padding&#8221; column_padding_tablet=&#8221;inherit&#8221; column_padding_phone=&#8221;inherit&#8221; column_padding_position=&#8221;top-bottom&#8221; column_element_direction_desktop=&#8221;default&#8221; column_element_spacing=&#8221;0px&#8221; desktop_text_alignment=&#8221;default&#8221; tablet_text_alignment=&#8221;default&#8221; phone_text_alignment=&#8221;default&#8221; background_color_opacity=&#8221;1&#8243; background_hover_color_opacity=&#8221;1&#8243; column_backdrop_filter=&#8221;none&#8221; column_shadow=&#8221;none&#8221; column_border_radius=&#8221;none&#8221; column_link_target=&#8221;_self&#8221; column_position=&#8221;static&#8221; advanced_gradient_angle=&#8221;0&#8243; gradient_direction=&#8221;left_to_right&#8221; overlay_strength=&#8221;0.3&#8243; width=&#8221;1\/1&#8243; tablet_width_inherit=&#8221;default&#8221; animation_type=&#8221;default&#8221; bg_image_animation=&#8221;none&#8221; border_type=&#8221;simple&#8221; column_border_width=&#8221;none&#8221; column_border_style=&#8221;solid&#8221; gradient_type=&#8221;default&#8221;][vc_row_inner column_margin=&#8221;default&#8221; column_direction=&#8221;default&#8221; column_direction_tablet=&#8221;default&#8221; column_direction_phone=&#8221;default&#8221; constrain_group_2=&#8221;yes&#8221; bottom_padding_tablet=&#8221;24&#8243; bottom_padding_phone=&#8221;24&#8243; text_align=&#8221;left&#8221; row_position=&#8221;default&#8221; row_position_tablet=&#8221;inherit&#8221; row_position_phone=&#8221;inherit&#8221; zindex=&#8221;10&#8243; overflow=&#8221;visible&#8221; pointer_events=&#8221;all&#8221;][vc_column_inner column_padding=&#8221;no-extra-padding&#8221; column_padding_tablet=&#8221;inherit&#8221; column_padding_phone=&#8221;inherit&#8221; column_padding_position=&#8221;all&#8221; column_element_direction_desktop=&#8221;default&#8221; column_element_spacing=&#8221;default&#8221; desktop_text_alignment=&#8221;default&#8221; tablet_text_alignment=&#8221;default&#8221; phone_text_alignment=&#8221;default&#8221; background_color_opacity=&#8221;1&#8243; background_hover_color_opacity=&#8221;1&#8243; column_backdrop_filter=&#8221;none&#8221; column_shadow=&#8221;none&#8221; column_border_radius=&#8221;none&#8221; column_link_target=&#8221;_self&#8221; overflow=&#8221;visible&#8221; advanced_gradient_angle=&#8221;0&#8243; gradient_direction=&#8221;left_to_right&#8221; overlay_strength=&#8221;0.3&#8243; width=&#8221;2\/3&#8243; tablet_width_inherit=&#8221;default&#8221; animation_type=&#8221;default&#8221; bg_image_animation=&#8221;none&#8221; border_type=&#8221;simple&#8221; column_border_width=&#8221;none&#8221; column_border_style=&#8221;solid&#8221; gradient_type=&#8221;default&#8221; column_padding_type=&#8221;default&#8221;][split_line_heading animation_type=&#8221;line-reveal-by-space&#8221; font_style=&#8221;h1&#8243; line_reveal_by_space_text_effect=&#8221;letter-reveal-bottom&#8221; stagger_animation=&#8221;true&#8221; mobile_disable_animation=&#8221;true&#8221; content_alignment=&#8221;left&#8221; mobile_content_alignment=&#8221;inherit&#8221; link_target=&#8221;_self&#8221; text_content=&#8221;Downloads&#8221; font_size=&#8221;4vw&#8221; font_line_height=&#8221;1.1&#8243; font_size_tablet=&#8221;10vw&#8221; animation_delay=&#8221;150&#8243;][\/split_line_heading][\/vc_column_inner][vc_column_inner column_padding=&#8221;no-extra-padding&#8221; column_padding_tablet=&#8221;inherit&#8221; column_padding_phone=&#8221;inherit&#8221; column_padding_position=&#8221;all&#8221; column_element_direction_desktop=&#8221;default&#8221; column_element_spacing=&#8221;default&#8221; desktop_text_alignment=&#8221;default&#8221; tablet_text_alignment=&#8221;default&#8221; phone_text_alignment=&#8221;default&#8221; background_color_opacity=&#8221;1&#8243; background_hover_color_opacity=&#8221;1&#8243; column_backdrop_filter=&#8221;none&#8221; column_shadow=&#8221;none&#8221; column_border_radius=&#8221;none&#8221; column_link_target=&#8221;_self&#8221; overflow=&#8221;visible&#8221; gradient_direction=&#8221;left_to_right&#8221; overlay_strength=&#8221;0.3&#8243; width=&#8221;1\/3&#8243; tablet_width_inherit=&#8221;default&#8221; animation_type=&#8221;default&#8221; bg_image_animation=&#8221;none&#8221; border_type=&#8221;simple&#8221; column_border_width=&#8221;none&#8221; column_border_style=&#8221;solid&#8221;][\/vc_column_inner][\/vc_row_inner][toggles style=&#8221;minimal&#8221; accordion=&#8221;true&#8221; accordion_starting_functionality=&#8221;closed&#8221;][toggle color=&#8221;Extra-Color-2&#8243; heading_tag=&#8221;default&#8221; heading_tag_functionality=&#8221;default&#8221; title=&#8221;About H\u00fcbener&#8221;][vc_column_text]\n<ul>\n<li><a href=\"\/app\/uploads\/20240408SFCR-2023.pdf\" target=\"_blank\" rel=\"noopener\">Solvency and Financial Condition Report (SFCR) as at 31 December 2023 (German version)<\/a><\/li>\n<li><a href=\"\/app\/uploads\/flyer_huebener_2023-A4-en.pdf\">Information H\u00fcbener Versicherungs AG 2023<\/a><\/li>\n<\/ul>\n[\/vc_column_text][\/toggle][\/toggles][\/vc_column][\/vc_row][vc_row type=&#8221;full_width_content&#8221; full_screen_row_position=&#8221;middle&#8221; column_margin=&#8221;default&#8221; column_direction=&#8221;default&#8221; column_direction_tablet=&#8221;default&#8221; column_direction_phone=&#8221;default&#8221; scene_position=&#8221;center&#8221; text_color=&#8221;dark&#8221; text_align=&#8221;left&#8221; row_border_radius=&#8221;none&#8221; row_border_radius_applies=&#8221;bg&#8221; zindex=&#8221;100&#8243; overflow=&#8221;visible&#8221; disable_element=&#8221;yes&#8221; overlay_strength=&#8221;0.3&#8243; gradient_direction=&#8221;left_to_right&#8221; shape_divider_position=&#8221;bottom&#8221; bg_image_animation=&#8221;none&#8221; gradient_type=&#8221;default&#8221; shape_type=&#8221;&#8221;][vc_column column_padding=&#8221;no-extra-padding&#8221; column_padding_tablet=&#8221;inherit&#8221; column_padding_phone=&#8221;inherit&#8221; column_padding_position=&#8221;all&#8221; column_element_direction_desktop=&#8221;default&#8221; column_element_spacing=&#8221;default&#8221; desktop_text_alignment=&#8221;default&#8221; tablet_text_alignment=&#8221;default&#8221; phone_text_alignment=&#8221;default&#8221; background_color_opacity=&#8221;1&#8243; background_hover_color_opacity=&#8221;1&#8243; column_backdrop_filter=&#8221;none&#8221; column_shadow=&#8221;none&#8221; column_border_radius=&#8221;none&#8221; column_link_target=&#8221;_self&#8221; column_position=&#8221;default&#8221; gradient_direction=&#8221;left_to_right&#8221; overlay_strength=&#8221;0.3&#8243; width=&#8221;1\/1&#8243; tablet_width_inherit=&#8221;default&#8221; animation_type=&#8221;default&#8221; bg_image_animation=&#8221;none&#8221; border_type=&#8221;simple&#8221; column_border_width=&#8221;none&#8221; column_border_style=&#8221;solid&#8221;][toggles style=&#8221;minimal&#8221; accordion=&#8221;true&#8221; accordion_starting_functionality=&#8221;closed&#8221;][toggle color=&#8221;Extra-Color-2&#8243; heading_tag=&#8221;default&#8221; heading_tag_functionality=&#8221;default&#8221; title=&#8221;Fragebogen&#8221;][vc_column_text]\n<ul>\n<li><a href=\"\/app\/uploads\/SF807_Fragebogen-Layer-Deckung_de_202310.pdf\">Fragebogen Layer Deckung 10\/2023<\/a><\/li>\n<li><a href=\"\/app\/uploads\/fragebogen-gebaeude-2018-11.pdf\">Fragebogen betriebl. Haftpflicht 04\/2015<\/a><\/li>\n<li><a href=\"\/app\/uploads\/fragebogen-gebaeude-2018-11.pdf\">Fragebogen Geb\u00e4ude 11\/2018<\/a><\/li>\n<li><a href=\"\/app\/uploads\/fragebogen-inhalt_2015-04.pdf\">Fragebogen Inhalt 04\/2015<\/a><\/li>\n<li><a href=\"\/app\/uploads\/Recycling_Fragebogen_de_2020-05.pdf\">Fragebogen Recycling 05\/2019<\/a><\/li>\n<li><a href=\"\/app\/uploads\/fragebogen-veranstalterhaftpflicht_2015-04.pdf\">Fragebogen Veranstalterhaftpflicht 04\/2015<\/a><\/li>\n<li><a href=\"\/app\/uploads\/Recycling_Maschinenverzeichnis_de_2020-05.pdf\">Recycling Maschinenverzeichnis 05\/2019<\/a><\/li>\n<li><a href=\"\/app\/uploads\/Wertermittlung-Inhalt-Diskotheken-Bars-Gaststaetten-Spielhallen_2019-02.pdf\">Wertermittlung Inhalt Diskotheken, Bars, Gastst\u00e4tten, Spielhallen 02\/2020<\/a><\/li>\n<li><a href=\"\/app\/uploads\/zusatzfragen-asylunterkunft_2015-09.pdf\">Zusatzfragen Asylunterkunft 09\/2015<\/a><\/li>\n<li><a href=\"\/app\/uploads\/zusatzfragen-gaststaette-disko-bar_2015-04.pdf\">Zusatzfragen Gastst\u00e4tte, Disko, Bar 04\/2015<\/a><\/li>\n<li><a href=\"\/app\/uploads\/Recycling_Zusatzfragebogen-Gebaeude_de_2020-05.pdf\">Zusatzfragen Recycling Geb\u00e4ude 05\/2019<\/a><\/li>\n<li><a href=\"\/app\/uploads\/zusatzfragen-sicherungsbeschreibung_2015-04.pdf\">Zusatzfragen Sicherungsbeschreibung 04\/2015<\/a><\/li>\n<li><a href=\"\/app\/uploads\/zusatzfragen-sanierung-2018-09.pdf\">Zusatzfragen Sanierung 09\/2018<\/a><\/li>\n<li><a href=\"\/app\/uploads\/SEPA-Basis-Lastschriftmandat.pdf\">SEPA-Basis-Lastschriftmandat<\/a><\/li>\n<\/ul>\n[\/vc_column_text][\/toggle][toggle color=&#8221;Extra-Color-2&#8243; heading_tag=&#8221;default&#8221; heading_tag_functionality=&#8221;default&#8221; title=&#8221;Produktinformationen&#8221;][vc_column_text]\n<ul>\n<li><a href=\"https:\/\/dev.huebener-ag.eu\/app\/uploads\/Fluechtlingsheim_Information_2018-09.pdf\">Asylunterkunft 09\/2018<\/a><\/li>\n<li><a href=\"https:\/\/dev.huebener-ag.eu\/app\/uploads\/Diskotheken_Information_2018-09.pdf\">Disko, Club, Bar 09\/2018<\/a><\/li>\n<li><a href=\"https:\/\/dev.huebener-ag.eu\/app\/uploads\/Pyrotechnik_Information_2018-09-1.pdf\">Feuerwerk 09\/2018<\/a><\/li>\n<li><a href=\"https:\/\/dev.huebener-ag.eu\/app\/uploads\/Insolvenz_Information_2018-09-1.pdf\">Insolvenzverwalter 09\/2018<\/a><\/li>\n<li><a href=\"https:\/\/dev.huebener-ag.eu\/app\/uploads\/Leerstand_Information_2018-09.pdf\">Leerstand 09\/2018<\/a><\/li>\n<li><a href=\"https:\/\/dev.huebener-ag.eu\/app\/uploads\/Recycling_Fachinfo_Linkliste-Brandschutz_2018-09.pdf\">Linkliste Brandschutz 09\/2018<\/a><\/li>\n<li><a href=\"https:\/\/dev.huebener-ag.eu\/app\/uploads\/Schausteller_Information_2018-09.pdf\">Schausteller 09\/2018<\/a><\/li>\n<li><a href=\"https:\/\/dev.huebener-ag.eu\/app\/uploads\/Recycling_Information_2018-09.pdf\">Recycling 09\/2018<\/a><\/li>\n<li><a href=\"https:\/\/dev.huebener-ag.eu\/app\/uploads\/Reifenlager_Information_2018-09.pdf\">Reifenlager 09\/2018<\/a><\/li>\n<\/ul>\n[\/vc_column_text][\/toggle][toggle color=&#8221;Extra-Color-2&#8243; heading_tag=&#8221;default&#8221; heading_tag_functionality=&#8221;default&#8221; title=&#8221;Brandschutzhinweise&#8221;][vc_column_text]\n<h6>Allgemein<\/h6>\n<ul>\n<li><a href=\"https:\/\/dev.huebener-ag.eu\/app\/uploads\/huebener-brandschutzhinweise-rauchen-2022.pdf\">Brandschutzhinweis Rauchen 08\/2022<\/a><\/li>\n<\/ul>\n<h6>F\u00fcr Recyclingbetriebe<\/h6>\n<ul>\n<li><a href=\"https:\/\/dev.huebener-ag.eu\/app\/uploads\/huebener-brandschutzhinweise-2022.pdf\"> Brandschutzhinweise 08\/2022<\/a><\/li>\n<\/ul>\n<h6>F\u00fcr Asylunterk\u00fcnfte<\/h6>\n<p>Mit freundlicher Unterst\u00fctzung von <a class=\"external link-underline\" href=\"https:\/\/www.feuertrutz.de\" target=\"_blank\" rel=\"noopener nofollow\">www.brandschutzdialog.de<\/a> und <a class=\"external link-underline\" href=\"http:\/\/www.gdv.de\" target=\"_blank\" rel=\"noopener nofollow\">www.gdv.de<\/a><\/p>\n<ul>\n<li><a href=\"https:\/\/dev.huebener-ag.eu\/app\/uploads\/brandschutz-in-unterkuenften.pdf\">Brandschutz in Unterk\u00fcnften \u2013 5-sprachig<\/a><\/li>\n<li><a class=\"file pdf\" href=\"https:\/\/www.feuertrutz.de\/media\/3966816\/master\/Brandschutzordnung_DIN_14096_TeilA_Deutsch-Formular.pdf\" target=\"_blank\" rel=\"noopener nofollow\" data-file-type=\"PDF\" data-file-size=\"569 KB\">Brandschutzordnung Teil A \u2013 DIN 14096 \u2013 Deutsch<\/a><\/li>\n<li><a href=\"https:\/\/dev.huebener-ag.eu\/app\/uploads\/verhalten-im-brandfall.pdf\">Verhalten im Brandfall \u2013 5-sprachig<\/a><\/li>\n<\/ul>\n<p>Brandschutzhinweise in vielen weiteren Sprachen finden Sie hier: <a class=\"external link-underline\" href=\"https:\/\/www.feuertrutz.de\/aushang-verhalten-im-brandfall\" target=\"_blank\" rel=\"noopener nofollow\">www.feuertrutz.de\/aushang-verhalten-im-brandfall<\/a>[\/vc_column_text][\/toggle][toggle color=&#8221;Extra-Color-2&#8243; heading_tag=&#8221;default&#8221; heading_tag_functionality=&#8221;default&#8221; title=&#8221;Technische Merkbl\u00e4tter&#8221;][vc_column_text]\n<ul>\n<li><a href=\"https:\/\/dev.huebener-ag.eu\/app\/uploads\/klausel_thermografische_selbstinspektion_2023-01.pdf\">Klausel thermografische Selbstinspektion 01\/2023<\/a><\/li>\n<li><a href=\"https:\/\/dev.huebener-ag.eu\/app\/uploads\/Batterieladegeraete_2019-05.pdf\">Batterieladeger\u00e4te 05\/2019<\/a><\/li>\n<li><a href=\"https:\/\/dev.huebener-ag.eu\/app\/uploads\/erlaubnisschein-feuergefaehrliche-arbeiten_0619.pdf\">Erlaubnisschein f\u00fcr feuergef\u00e4hrliche Arbeiten 06\/2019<\/a><\/li>\n<li><a href=\"https:\/\/dev.huebener-ag.eu\/app\/uploads\/erlaubnisschein-feuergefaehrliche-arbeiten-zeitraum-0619.pdf\">Erlaubnisschein f\u00fcr feuergef\u00e4hrliche Arbeiten \u00fcber einen l\u00e4ngeren Zeitraum 06\/2019<\/a><\/li>\n<li><a href=\"https:\/\/dev.huebener-ag.eu\/app\/uploads\/Sicherheitsvorschriften-fuer-Solar-Photovoltaikanlagen-2020-04.pdf\">Sicherheitsvorschriften f\u00fcr Solar Photovoltaikanlagen 04\/2020<\/a><\/li>\n<\/ul>\n[\/vc_column_text][\/toggle][toggle color=&#8221;Extra-Color-2&#8243; heading_tag=&#8221;default&#8221; heading_tag_functionality=&#8221;default&#8221; title=&#8221;Im Schadenfall&#8221;][vc_column_text]\n<h6>Schadenanzeigen<\/h6>\n<ul>\n<li><a href=\"https:\/\/dev.huebener-ag.eu\/app\/uploads\/Verhalten-im-Schadenfall_Blitzschlag-und-Ueberspannung_2020-06.pdf\">Blitzschlag und \u00dcberspannung 06\/2020<\/a><\/li>\n<li><a href=\"https:\/\/dev.huebener-ag.eu\/app\/uploads\/Verhalten-im-Schadenfall_Einbruchdiebstahl_2020-06.pdf\">Einbruchdiebstahl 06\/2020<\/a><\/li>\n<li><a href=\"https:\/\/dev.huebener-ag.eu\/app\/uploads\/haftpflicht-schadenanzeige.pdf\">Haftpflicht Schadenanzeige 06\/2018<\/a><\/li>\n<li><a href=\"https:\/\/dev.huebener-ag.eu\/app\/uploads\/sach-schadenanzeige.pdf\">Sach Schadenanzeige 06\/2018<\/a><\/li>\n<\/ul>\n<h6>Verhalten im Schadenfall<\/h6>\n<ul>\n<li><a href=\"https:\/\/dev.huebener-ag.eu\/app\/uploads\/Verhalten-im-Schadenfall_Feuer_2020-06.pdf\">Feuer 06\/2020<\/a><\/li>\n<li><a href=\"https:\/\/dev.huebener-ag.eu\/app\/uploads\/Verhalten-im-Schadenfall_Haftpflichtanspruch_2020-06.pdf\">Haftpflichtanspruch 06\/2020<\/a><\/li>\n<li><a href=\"https:\/\/dev.huebener-ag.eu\/app\/uploads\/Verhalten-im-Schadenfall_Leitungswasser-Rohrbruch_2020-06.pdf\">Leitungswasser \/ Rohrbruch 06\/2020<\/a><\/li>\n<li><a href=\"https:\/\/dev.huebener-ag.eu\/app\/uploads\/Verhalten-im-Schadenfall_Raub_2020-06.pdf\">Raub 06\/2020<\/a><\/li>\n<li><a href=\"https:\/\/dev.huebener-ag.eu\/app\/uploads\/Verhalten-im-Schadenfall_Sturm-und-andere-Elementarereignisse_2020-06.pdf\">Sturm und Elementar 06\/2020<\/a><\/li>\n<\/ul>\n[\/vc_column_text][\/toggle][toggle color=&#8221;Extra-Color-2&#8243; heading_tag=&#8221;default&#8221; heading_tag_functionality=&#8221;default&#8221; title=&#8221;Versicherungsbedingungen Sach&#8221;][vc_column_text]\n<ul>\n<li><a href=\"https:\/\/dev.huebener-ag.eu\/app\/uploads\/ABE-2008.pdf\">ABE 2008<\/a><\/li>\n<li><a href=\"https:\/\/dev.huebener-ag.eu\/app\/uploads\/ABM-2008.pdf\">ABM 2008<\/a><\/li>\n<li><a href=\"https:\/\/dev.huebener-ag.eu\/app\/uploads\/Abschnitt-B-zu-Bedingungen-2008.pdf\">Abschnitt B zu Bedingungen 2008<\/a><\/li>\n<li><a href=\"https:\/\/dev.huebener-ag.eu\/app\/uploads\/AERB-2008.pdf\">AERB 2008<\/a><\/li>\n<li><a href=\"https:\/\/dev.huebener-ag.eu\/app\/uploads\/AFB-2008.pdf\">AFB 2008<\/a><\/li>\n<li><a href=\"https:\/\/dev.huebener-ag.eu\/app\/uploads\/Allgemeine-Verbraucherinfos.pdf\">Allgemeine Verbraucherinfos<\/a><\/li>\n<li><a href=\"https:\/\/dev.huebener-ag.eu\/app\/uploads\/AStB-2008.pdf\">AStB 2008<\/a><\/li>\n<li><a href=\"https:\/\/dev.huebener-ag.eu\/app\/uploads\/Asylunterkunft-2015-09.pdf\">Asylunterkunft 2015<\/a><\/li>\n<li><a href=\"https:\/\/dev.huebener-ag.eu\/app\/uploads\/AGlB-2008.pdf\">AGlB 2008<\/a><\/li>\n<li><a href=\"https:\/\/dev.huebener-ag.eu\/app\/uploads\/AWB-2008.pdf\">AWB 2008<\/a><\/li>\n<li><a href=\"https:\/\/dev.huebener-ag.eu\/app\/uploads\/BMK-2008-1.pdf\">BMK 2008-1<\/a><\/li>\n<li><a href=\"https:\/\/dev.huebener-ag.eu\/app\/uploads\/BWE-2008.pdf\">BWE 2008<\/a><\/li>\n<li><a href=\"https:\/\/dev.huebener-ag.eu\/app\/uploads\/FBUB-2008.pdf\">FBUB 2008<\/a><\/li>\n<li><a href=\"https:\/\/dev.huebener-ag.eu\/app\/uploads\/Infoblatt-Recycling-1.pdf\">Infoblatt Recycling<\/a><\/li>\n<li><a href=\"https:\/\/dev.huebener-ag.eu\/app\/uploads\/IPID-Elektronik-diverse-2018-02.pdf\">IPID Elektronik diverse 2018<\/a><\/li>\n<li><a href=\"https:\/\/dev.huebener-ag.eu\/app\/uploads\/IPID-Gebaeude-diverse-2018-02.pdf\">IPID Geb\u00e4ude diverse 2018<\/a><\/li>\n<li><a href=\"https:\/\/dev.huebener-ag.eu\/app\/uploads\/IPID-Geschaeftsinhalt-diverse-2018-02.pdf\">IPID Gesch\u00e4ftsinhalt diverse 2018<\/a><\/li>\n<li><a href=\"https:\/\/dev.huebener-ag.eu\/app\/uploads\/IPID-Glas-diverse-2018-02.pdf\">IPID Glas diverse 2018<\/a><\/li>\n<li><a href=\"https:\/\/dev.huebener-ag.eu\/app\/uploads\/Positionen-Erlaeuterung-zur-Sachversicherung-2015-09.pdf\">Positionen Erl\u00e4uterung zur Sachversicherung 2015<\/a><\/li>\n<li><a href=\"https:\/\/dev.huebener-ag.eu\/app\/uploads\/POS-ZMBU-2008-2019-05.pdf\">POS ZMBU 2008 2019<\/a><\/li>\n<li><a href=\"https:\/\/dev.huebener-ag.eu\/app\/uploads\/SGIN93-SGIN2008.pdf\">SGIN93 SGIN2008<\/a><\/li>\n<li><a href=\"https:\/\/dev.huebener-ag.eu\/app\/uploads\/Wertschutzschraenke-2018-02.pdf\">Wertschutzschraenke 2018<\/a><\/li>\n<li><a href=\"https:\/\/dev.huebener-ag.eu\/app\/uploads\/ZKBU-2008.pdf\">ZKBU 2008<\/a><\/li>\n<li><a href=\"https:\/\/dev.huebener-ag.eu\/app\/uploads\/ZFBUB-2008.pdf\">ZFBUB 2008<\/a><\/li>\n<li><a href=\"https:\/\/dev.huebener-ag.eu\/app\/uploads\/ZMBU-2008-2019-05.pdf\">ZMBU 2008-2019-05<\/a><\/li>\n<\/ul>\n[\/vc_column_text][\/toggle][toggle color=&#8221;Extra-Color-2&#8243; heading_tag=&#8221;default&#8221; heading_tag_functionality=&#8221;default&#8221; title=&#8221;Versicherungsbedingungen Haftpflicht&#8221;][vc_column_text]\n<ul>\n<li><a href=\"https:\/\/dev.huebener-ag.eu\/app\/uploads\/AHB-2008.pdf\">AHB 2008<\/a><\/li>\n<li><a href=\"https:\/\/dev.huebener-ag.eu\/app\/uploads\/Allgemeine-Verbraucherinfos-Haftpflicht.pdf\">Allgemeine Verbraucherinfos Haftpflicht 11\/2020<\/a><\/li>\n<li><a href=\"https:\/\/dev.huebener-ag.eu\/app\/uploads\/AVB-Garderobe.pdf\">AVB Garderobe 11\/2020<\/a><\/li>\n<li><a href=\"https:\/\/dev.huebener-ag.eu\/app\/uploads\/BBR-Betriebe.pdf\">BBR Betriebe 11\/2020<\/a><\/li>\n<li><a href=\"https:\/\/dev.huebener-ag.eu\/app\/uploads\/BBR-Bewacher-2015-06.pdf\">BBR Bewacher 06\/2015<\/a><\/li>\n<li><a href=\"https:\/\/dev.huebener-ag.eu\/app\/uploads\/BBR-Gaststaetten.pdf\">BBR Gastst\u00e4tten 11\/2020<\/a><\/li>\n<li><a href=\"https:\/\/dev.huebener-ag.eu\/app\/uploads\/BBR-Gewaesserschaden.pdf\">BBR Gew\u00e4sserschaden 11\/2020<\/a><\/li>\n<li><a href=\"https:\/\/dev.huebener-ag.eu\/app\/uploads\/BBR-Haus-und-Grundbesitzer.pdf\">BBR Haus- und Grundbesitzer 11\/2020<\/a><\/li>\n<li><a href=\"https:\/\/dev.huebener-ag.eu\/app\/uploads\/BBR-PHV.pdf\">BBR PHV 11\/2020<\/a><\/li>\n<li><a href=\"https:\/\/dev.huebener-ag.eu\/app\/uploads\/BBR-Tierhalter.pdf\">BBR Tierhalter 11\/2020<\/a><\/li>\n<li><a href=\"https:\/\/dev.huebener-ag.eu\/app\/uploads\/BBR-Veranstaltungen.pdf\">BBR Veranstaltungen 11\/2020<\/a><\/li>\n<li><a href=\"https:\/\/dev.huebener-ag.eu\/app\/uploads\/IPID-BHV-diverse-2018-02.pdf\">IPID HuG diverse 02\/2018<\/a><\/li>\n<li><a href=\"https:\/\/dev.huebener-ag.eu\/app\/uploads\/IPID-HuG-diverse-2018-02.pdf\">IPID BHV diverse 02\/2018<\/a><\/li>\n<\/ul>\n[\/vc_column_text][\/toggle][toggle color=&#8221;Extra-Color-2&#8243; heading_tag=&#8221;default&#8221; heading_tag_functionality=&#8221;default&#8221; title=&#8221;\u00dcber H\u00fcbener&#8221;][vc_column_text]\n<ul>\n<li><a href=\"https:\/\/dev.huebener-ag.eu\/app\/uploads\/SFCR_5126_2022.pdf\">Bericht \u00fcber die Solvabilit\u00e4t und Finanzlage (SFCR) per 31.12.2022<\/a><\/li>\n<li><a href=\"https:\/\/dev.huebener-ag.eu\/app\/uploads\/flyer_huebener_2022-A4-de.pdf\">Informationsflyer H\u00fcbener Versicherungs AG 2022<\/a><\/li>\n<li><a href=\"https:\/\/dev.huebener-ag.eu\/app\/uploads\/Zeichnungsliste_2018-09.pdf\">Zeichnungsliste 09\/2018<\/a><\/li>\n<\/ul>\n[\/vc_column_text][\/toggle][\/toggles][\/vc_column][\/vc_row]\n","protected":false},"excerpt":{"rendered":"<p>[vc_row type=&#8221;full_width_content&#8221; full_screen_row_position=&#8221;middle&#8221; column_margin=&#8221;default&#8221; column_direction=&#8221;default&#8221; column_direction_tablet=&#8221;default&#8221; column_direction_phone=&#8221;default&#8221; bg_color=&#8221;#004e27&#8243; full_height=&#8221;yes&#8221; scene_position=&#8221;center&#8221; left_padding_desktop=&#8221;8%&#8221; constrain_group_2=&#8221;yes&#8221; right_padding_desktop=&#8221;8%&#8221; top_padding_tablet=&#8221;10%&#8221; bottom_padding_tablet=&#8221;10%&#8221; top_padding_phone=&#8221;10%&#8221; bottom_padding_phone=&#8221;10%&#8221; text_color=&#8221;light&#8221; text_align=&#8221;left&#8221; row_border_radius=&#8221;none&#8221; row_border_radius_applies=&#8221;bg&#8221; zindex=&#8221;100&#8243; overflow=&#8221;hidden&#8221; class=&#8221;bg-green&#8221; advanced_gradient_angle=&#8221;0&#8243; overlay_strength=&#8221;0.5&#8243; gradient_direction=&#8221;radial&#8221; shape_divider_position=&#8221;bottom&#8221; bg_image_animation=&#8221;fade-in&#8221; mobile_disable_bg_image_animation=&#8221;true&#8221;&#8230;<\/p>\n","protected":false},"author":2,"featured_media":0,"parent":0,"menu_order":0,"comment_status":"closed","ping_status":"closed","template":"","meta":{"_acf_changed":false,"footnotes":""},"ppma_author":[86],"acf":[],"_links":{"self":[{"href":"https:\/\/dev.huebener-ag.eu\/en\/wp-json\/wp\/v2\/pages\/7019"}],"collection":[{"href":"https:\/\/dev.huebener-ag.eu\/en\/wp-json\/wp\/v2\/pages"}],"about":[{"href":"https:\/\/dev.huebener-ag.eu\/en\/wp-json\/wp\/v2\/types\/page"}],"author":[{"embeddable":true,"href":"https:\/\/dev.huebener-ag.eu\/en\/wp-json\/wp\/v2\/users\/2"}],"replies":[{"embeddable":true,"href":"https:\/\/dev.huebener-ag.eu\/en\/wp-json\/wp\/v2\/comments?post=7019"}],"version-history":[{"count":4,"href":"https:\/\/dev.huebener-ag.eu\/en\/wp-json\/wp\/v2\/pages\/7019\/revisions"}],"predecessor-version":[{"id":7098,"href":"https:\/\/dev.huebener-ag.eu\/en\/wp-json\/wp\/v2\/pages\/7019\/revisions\/7098"}],"wp:attachment":[{"href":"https:\/\/dev.huebener-ag.eu\/en\/wp-json\/wp\/v2\/media?parent=7019"}],"wp:term":[{"taxonomy":"author","embeddable":true,"href":"https:\/\/dev.huebener-ag.eu\/en\/wp-json\/wp\/v2\/ppma_author?post=7019"}],"curies":[{"name":"wp","href":"https:\/\/api.w.org\/{rel}","templated":true}]}}