{"id":6804,"date":"2023-05-16T10:28:09","date_gmt":"2023-05-16T08:28:09","guid":{"rendered":"https:\/\/dev.huebener-ag.eu\/?page_id=6804"},"modified":"2024-02-08T21:10:22","modified_gmt":"2024-02-08T20:10:22","slug":"pie-de-imprenta","status":"publish","type":"page","link":"https:\/\/dev.huebener-ag.eu\/es\/pie-de-imprenta\/","title":{"rendered":"Pie de imprenta"},"content":{"rendered":"[vc_row type=&#8221;full_width_content&#8221; full_screen_row_position=&#8221;middle&#8221; column_margin=&#8221;default&#8221; equal_height=&#8221;yes&#8221; column_direction=&#8221;default&#8221; column_direction_tablet=&#8221;default&#8221; column_direction_phone=&#8221;default&#8221; bg_color=&#8221;rgba(0,0,0,0.03)&#8221; scene_position=&#8221;center&#8221; top_padding=&#8221;8%&#8221; bottom_padding=&#8221;6%&#8221; left_padding_desktop=&#8221;11%&#8221; constrain_group_2=&#8221;yes&#8221; right_padding_desktop=&#8221;11%&#8221; top_padding_tablet=&#8221;14%&#8221; bottom_padding_tablet=&#8221;10%&#8221; left_padding_tablet=&#8221;8%&#8221; constrain_group_4=&#8221;yes&#8221; right_padding_tablet=&#8221;8%&#8221; constrain_group_6=&#8221;yes&#8221; text_color=&#8221;dark&#8221; text_align=&#8221;left&#8221; row_border_radius=&#8221;none&#8221; row_border_radius_applies=&#8221;bg&#8221; overflow=&#8221;visible&#8221; id=&#8221;intro&#8221; advanced_gradient_angle=&#8221;0&#8243; overlay_strength=&#8221;0.3&#8243; gradient_direction=&#8221;left_to_right&#8221; shape_divider_position=&#8221;bottom&#8221; bg_image_animation=&#8221;none&#8221; gradient_type=&#8221;default&#8221; shape_type=&#8221;&#8221;][vc_column column_padding=&#8221;no-extra-padding&#8221; column_padding_tablet=&#8221;no-extra-padding&#8221; column_padding_phone=&#8221;no-extra-padding&#8221; column_padding_position=&#8221;all&#8221; column_element_direction_desktop=&#8221;default&#8221; column_element_spacing=&#8221;default&#8221; desktop_text_alignment=&#8221;default&#8221; tablet_text_alignment=&#8221;default&#8221; phone_text_alignment=&#8221;default&#8221; background_color_opacity=&#8221;1&#8243; background_hover_color_opacity=&#8221;1&#8243; column_backdrop_filter=&#8221;none&#8221; column_shadow=&#8221;none&#8221; column_border_radius=&#8221;none&#8221; column_link_target=&#8221;_self&#8221; column_position=&#8221;default&#8221; advanced_gradient_angle=&#8221;0&#8243; gradient_direction=&#8221;left_to_right&#8221; overlay_strength=&#8221;0.3&#8243; width=&#8221;2\/3&#8243; tablet_width_inherit=&#8221;default&#8221; animation_type=&#8221;default&#8221; bg_image_animation=&#8221;none&#8221; border_type=&#8221;simple&#8221; column_border_width=&#8221;none&#8221; column_border_style=&#8221;solid&#8221; gradient_type=&#8221;default&#8221; column_padding_type=&#8221;default&#8221; offset=&#8221;vc_col-lg-offset-2 vc_col-lg-8 vc_col-md-offset-0 vc_col-md-12&#8243;][split_line_heading animation_type=&#8221;line-reveal-by-space&#8221; font_style=&#8221;h1&#8243; text_color=&#8221;#004e27&#8243; line_reveal_by_space_text_effect=&#8221;default&#8221; content_alignment=&#8221;default&#8221; mobile_content_alignment=&#8221;inherit&#8221; link_target=&#8221;_self&#8221; text_content=&#8221;Pie de imprenta&#8221;][\/split_line_heading][vc_column_text]\n<h3><span lang=\"ES\">Proveedor<\/span><\/h3>\n<p><span lang=\"ES\">(Responsable conforme al art\u00edculo 18, apartado 2 del Tratado interestatal sobre los medios de comunicaci\u00f3n)<br \/>\nDietmar Linde<br \/>\nH\u00fcbener Versicherungs AG<br \/>\nBallindamm 37<br \/>\n20095 Hamburgo<br \/>\nAlemania<\/span><\/p>\n<p><strong>Servicio de reclamaciones<\/strong><br \/>\nTel\u00e9fono: +49 40 226 31 78 &#8211; 99<br \/>\n<a href=\"mailto:post@huebener-ag.eu\">schaden@huebener-ag.eu<\/a><\/p>\n<p><strong>Servicio de atenci\u00f3n al cliente<\/strong><br \/>\nTel\u00e9fono: +49 40 226 31 78 &#8211; 0<br \/>\n<a href=\"mailto:post@huebener-ag.eu\">post@huebener-ag.eu<\/a><\/p>\n<p><strong>Consejo de administraci\u00f3n<\/strong><br \/>\nKersten Jodexnis (presidente)<\/p>\n<p><strong>Junta directiva<\/strong><br \/>\nNicolas H\u00fcbener<br \/>\nDietmar Linde<\/p>\n<p><strong>Autoridad inspectora responsable<\/strong><br \/>\nBundesanstalt f\u00fcr Finanzdienstleistungsaufsicht (BaFin)<br \/>\nGraurheindorfer Stra\u00dfe 108 &#8211; 53177 Bonn<br \/>\nTel\u00e9fono: +49 (0)228 4108 \u2013 0<br \/>\nFax: +49 (0)228 4108 \u2013 1550<br \/>\n<a href=\"mailto:poststelle@bafin.de\">poststelle@bafin.de<\/a><\/p>\n<p><span lang=\"ES\">Encontrar\u00e1 m\u00e1s informaci\u00f3n en <a href=\"http:\/\/www.bafin.de\" target=\"_blank\" rel=\"noopener nofollow\">www.bafin.de<\/a>, <a href=\"https:\/\/portal.mvp.bafin.de\/database\/InstInfo\/institutDetails.do?cmd=loadInstitutAction&amp;institutId=5126\" target=\"_blank\" rel=\"noopener nofollow\">Homologaci\u00f3n para H\u00fcbener <\/a>y para Austria en <a href=\"https:\/\/www.fma.gv.at\/\" target=\"_blank\" rel=\"noopener nofollow\">https:\/\/www.fma.gv.at\/<\/a>, <a href=\"https:\/\/fma-va.brz.gv.at\/pvaww\/VA_VUInfo.aspx?vcUnt_id=67654543\" target=\"_blank\" rel=\"noopener nofollow\">Homologaci\u00f3n para H\u00fcbener<\/a><\/span><\/p>\n<p><strong><span lang=\"ES\">Registro mercantil<\/span><\/strong><span lang=\"ES\"><br \/>\nJuzgado de registro de Hamburgo<br \/>\nN\u00famero de registro: HR B 97637<\/span><\/p>\n<p><strong><span lang=\"ES\">N\u00fameros de identificaci\u00f3n<\/span><\/strong><span lang=\"ES\"><br \/>\nN\u00famero de operador intracomunitario (NOI): DE268127816<br \/>\nN\u00famero de identificaci\u00f3n fiscal para el seguro: 806\/V90806014710<br \/>\nImpuesto de protecci\u00f3n contra incendios: 836\/F91836001742<br \/>\nIdentificador de entidad jur\u00eddica (LEI): 391200RD1DA0QVE8SG90<\/span><\/p>\n<p><strong><span lang=\"ES\">Responsable del sitio web<\/span><\/strong><span lang=\"ES\"><br \/>\nRedacci\u00f3n: Nicolas H\u00fcbener, Dietmar Linde<br \/>\nWebmaster\/dise\u00f1o web: Falk Zirkel, zirkel.design<\/span><\/p>\n<p><strong><span lang=\"ES\">Mediador de seguros<\/span><\/strong><span lang=\"ES\"><br \/>\nSomos miembro de la asociaci\u00f3n de mediadores de seguros Versicherungsombudsmann. Por consiguiente, puede hacer uso del servicio gratuito de mediaci\u00f3n extrajudicial en caso de conflictos:<\/span><\/p>\n<p>Versicherungsombudsmann e.V.<br \/>\nPostfach 080 632<br \/>\n10006 Berl\u00edn<br \/>\nAlemania<br \/>\nTel\u00e9fono: 0800 3696 000 o +49 30 206058 99<br \/>\nFax: 0800 3699 000<br \/>\n<a href=\"mailto:beschwerde@versicherungsombudsmann.de\">beschwerde@versicherungsombudsmann.de<\/a><\/p>\n<p>Encontrar\u00e1 m\u00e1s informaci\u00f3n en la direcci\u00f3n de Internet: <a href=\"https:\/\/www.versicherungsombudsmann.de\/\" target=\"_blank\" rel=\"noopener noreferrer nofollow\">www.versicherungsombudsmann.de<\/a><\/p>\n<h3><span lang=\"ES\">Disputas en l\u00ednea en asuntos de consumidores<\/span><\/h3>\n<p><span lang=\"ES\">Si usted es un consumidor que ha cerrado un contrato electr\u00f3nicamente (por ejemplo, desde una p\u00e1gina web o por correo electr\u00f3nico), en caso de reclamaciones puede dirigirse tambi\u00e9n a la plataforma de resoluci\u00f3n de disputas en l\u00ednea de la Uni\u00f3n Europea (Online Dispute Resolution, ODR). La encontrar\u00e1 en el portal de la Comisi\u00f3n Europea. Su reclamaci\u00f3n ser\u00e1 redirigida al mediador de seguros Versicherungsombudsmann e. V. desde la plataforma de resoluci\u00f3n de disputas en l\u00ednea (<a href=\"https:\/\/ec.europa.eu\/\" target=\"_blank\" rel=\"noopener nofollow\">https:\/\/ec.europa.eu\/<\/a>).<\/span><\/p>\n<h3><span lang=\"ES\">Contenido de la oferta en l\u00ednea<\/span><\/h3>\n<p><span lang=\"ES\">No ofrecemos ninguna garant\u00eda sobre la actualidad, correcci\u00f3n, integridad o calidad de la informaci\u00f3n presentada. Quedan excluidas las reclamaciones de responsabilidad contra nosotros que hagan referencia a da\u00f1os materiales o ideol\u00f3gicos causados por el uso o no uso de la informaci\u00f3n presentada o por el uso de informaci\u00f3n incorrecta o incompleta, siempre que no pueda demostrarse una culpabilidad dolosa o negligente grave de nuestra parte.<\/span><\/p>\n<p><span lang=\"ES\">Todas las ofertas son sin compromiso ni obligaci\u00f3n. Nos reservamos expresamente el derecho de modificar, complementar o borrar partes de las p\u00e1ginas o toda la oferta sin previo aviso o de suspender temporal o definitivamente la publicaci\u00f3n.<\/span><\/p>\n<h3><span lang=\"ES\">Referencias y enlaces<\/span><\/h3>\n<p><span lang=\"ES\">Para las p\u00e1ginas de Internet externas a las que se hace referencia directa o indirecta (&#8220;enlaces&#8221;) y que est\u00e1n fuera de nuestro \u00e1mbito de responsabilidad, \u00fanicamente existir\u00eda una obligaci\u00f3n de responsabilidad en caso de que tuvi\u00e9ramos conocimiento de los contenidos y nos fuera t\u00e9cnicamente posible y se nos pudiera exigir que impidamos su uso en caso de incluir contenidos ilegales.<\/span><\/p>\n<p><span lang=\"ES\">Por la presente declaramos expresamente que en el momento de insertar los enlaces no pudieron detectarse contenidos ilegales en las p\u00e1ginas enlazadas. No tenemos influencia alguna en el dise\u00f1o actual o futuro ni en el contenido o la autor\u00eda de las p\u00e1ginas enlazadas o vinculadas. Por este motivo, por la presente nos distanciamos expresamente de todos los contenidos de todas las p\u00e1ginas enlazadas o vinculadas que se hayan modificado con posterioridad a la inserci\u00f3n del enlace. Esta declaraci\u00f3n es v\u00e1lida para todas las referencias y todos los enlaces insertados en la oferta propia de Internet, as\u00ed como para entradas ajenas en \u00e1lbumes de visitantes, foros de discusi\u00f3n y listas de correo creados por nosotros. El responsable \u00fanico de contenidos ilegales, incorrectos o incompletos y, especialmente, de da\u00f1os causados por el uso o no uso de este tipo de informaci\u00f3n es el proveedor de la p\u00e1gina a la que se hace referencia, no aquel que simplemente hace referencia a la publicaci\u00f3n en cuesti\u00f3n por medio de enlaces.<\/span><\/p>\n<h3><span lang=\"ES\">Derechos de autor y de marcas<\/span><\/h3>\n<p><span lang=\"ES\">Nos esforzamos por observar en todas las publicaciones los derechos de autor de los gr\u00e1ficos, documentos de audio, secuencias de v\u00eddeo y textos utilizados, por utilizar gr\u00e1ficos, documentos de audio, secuencias de v\u00eddeo y textos de creaci\u00f3n propia o por recurrir a gr\u00e1ficos, documentos de audio, secuencias de v\u00eddeo y textos exentos de licencia.<\/span><\/p>\n<p><span lang=\"ES\">Todas las marcas de f\u00e1brica y comerciales citadas en la oferta de Internet y que puedan estar protegidas por terceros est\u00e1n sometidas sin limitaciones a las disposiciones del derecho de marcas vigente en cada caso y a los derechos de posesi\u00f3n de los respectivos propietarios registrados. De la simple menci\u00f3n no puede deducirse que una marca comercial no est\u00e9 protegida por derechos de terceros.<\/span><\/p>\n<p><span lang=\"ES\">El copyright de los objetos publicados y creados por nosotros es exclusivamente nuestro en calidad de autores de las p\u00e1ginas. No est\u00e1 permitida la reproducci\u00f3n o el uso de estos mismos gr\u00e1ficos, documentos de audio, secuencias de v\u00eddeo y textos que aparecen en otras publicaciones electr\u00f3nicas o impresas sin la autorizaci\u00f3n expresa del autor.<\/span><\/p>\n<p><span lang=\"ES\">Vigencia legal de esta exenci\u00f3n de responsabilidad<br \/>\nLa presente exenci\u00f3n de responsabilidad debe considerarse parte de la oferta de Internet desde la que se hace referencia a esta p\u00e1gina. Si hubiera partes o formulaciones individuales de este texto que (ya) no se correspondieran total o parcialmente con la situaci\u00f3n jur\u00eddica vigente, esto no afectar\u00eda al contenido ni la vigencia de las restantes partes del documento<\/span><\/p>\n<h3><span lang=\"ES\">Descargo de responsabilidad<\/span><\/h3>\n<p>La informaci\u00f3n aqu\u00ed facilitada tiene por objeto cumplir las siguientes obligaciones legales:<\/p>\n<ul>\n<li>5 y art. 6 de la Ley alemana de Telemedios (TMG)<\/li>\n<li>4 aptdo. 3 de la Ley Federal alemana de Protecci\u00f3n de Datos (BDSG)<\/li>\n<li>312c del C\u00f3digo Civil alem\u00e1n (BGB)<\/li>\n<li>1 de la Ordenanza alemana sobre el deber de informaci\u00f3n BGB (BGB-InfoV)<\/li>\n<\/ul>\n<h3><span lang=\"ES\">Cr\u00e9ditos de las im\u00e1genes\/v\u00eddeos<\/span><\/h3>\n<p>Antonio Correa d Almeida \/ istockphoto.com<br \/>\nGizmo \/ istockphoto.com<br \/>\nOleksandra Troian \/ istockphoto.com<br \/>\ncharles taylor \/ istockphoto.com<br \/>\nSVTeam \/ istockphoto.com<br \/>\nDaniel Balakov \/ istockphoto.com<br \/>\nartlab \/ istockphoto.com<br \/>\nsandsun \/ istockphoto.com[\/vc_column_text][\/vc_column][\/vc_row]\n","protected":false},"excerpt":{"rendered":"<p>[vc_row type=&#8221;full_width_content&#8221; full_screen_row_position=&#8221;middle&#8221; column_margin=&#8221;default&#8221; equal_height=&#8221;yes&#8221; column_direction=&#8221;default&#8221; column_direction_tablet=&#8221;default&#8221; column_direction_phone=&#8221;default&#8221; bg_color=&#8221;rgba(0,0,0,0.03)&#8221; scene_position=&#8221;center&#8221; top_padding=&#8221;8%&#8221; bottom_padding=&#8221;6%&#8221; left_padding_desktop=&#8221;11%&#8221; constrain_group_2=&#8221;yes&#8221; right_padding_desktop=&#8221;11%&#8221; top_padding_tablet=&#8221;14%&#8221; bottom_padding_tablet=&#8221;10%&#8221; left_padding_tablet=&#8221;8%&#8221; constrain_group_4=&#8221;yes&#8221; right_padding_tablet=&#8221;8%&#8221; constrain_group_6=&#8221;yes&#8221; text_color=&#8221;dark&#8221; text_align=&#8221;left&#8221; row_border_radius=&#8221;none&#8221; row_border_radius_applies=&#8221;bg&#8221; overflow=&#8221;visible&#8221; id=&#8221;intro&#8221; advanced_gradient_angle=&#8221;0&#8243; overlay_strength=&#8221;0.3&#8243; gradient_direction=&#8221;left_to_right&#8221;&#8230;<\/p>\n","protected":false},"author":2,"featured_media":0,"parent":0,"menu_order":0,"comment_status":"closed","ping_status":"closed","template":"","meta":{"_acf_changed":false,"footnotes":""},"ppma_author":[86],"acf":[],"_links":{"self":[{"href":"https:\/\/dev.huebener-ag.eu\/es\/wp-json\/wp\/v2\/pages\/6804"}],"collection":[{"href":"https:\/\/dev.huebener-ag.eu\/es\/wp-json\/wp\/v2\/pages"}],"about":[{"href":"https:\/\/dev.huebener-ag.eu\/es\/wp-json\/wp\/v2\/types\/page"}],"author":[{"embeddable":true,"href":"https:\/\/dev.huebener-ag.eu\/es\/wp-json\/wp\/v2\/users\/2"}],"replies":[{"embeddable":true,"href":"https:\/\/dev.huebener-ag.eu\/es\/wp-json\/wp\/v2\/comments?post=6804"}],"version-history":[{"count":3,"href":"https:\/\/dev.huebener-ag.eu\/es\/wp-json\/wp\/v2\/pages\/6804\/revisions"}],"predecessor-version":[{"id":6807,"href":"https:\/\/dev.huebener-ag.eu\/es\/wp-json\/wp\/v2\/pages\/6804\/revisions\/6807"}],"wp:attachment":[{"href":"https:\/\/dev.huebener-ag.eu\/es\/wp-json\/wp\/v2\/media?parent=6804"}],"wp:term":[{"taxonomy":"author","embeddable":true,"href":"https:\/\/dev.huebener-ag.eu\/es\/wp-json\/wp\/v2\/ppma_author?post=6804"}],"curies":[{"name":"wp","href":"https:\/\/api.w.org\/{rel}","templated":true}]}}