{"id":6812,"date":"2022-11-17T10:11:38","date_gmt":"2022-11-17T09:11:38","guid":{"rendered":"https:\/\/dev.huebener-ag.eu\/?page_id=6812"},"modified":"2024-02-08T21:22:09","modified_gmt":"2024-02-08T20:22:09","slug":"declaracion-de-proteccion-de-datos","status":"publish","type":"page","link":"https:\/\/dev.huebener-ag.eu\/es\/declaracion-de-proteccion-de-datos\/","title":{"rendered":"Declaraci\u00f3n de protecci\u00f3n de datos"},"content":{"rendered":"[vc_row type=&#8221;full_width_content&#8221; full_screen_row_position=&#8221;middle&#8221; column_margin=&#8221;default&#8221; equal_height=&#8221;yes&#8221; column_direction=&#8221;default&#8221; column_direction_tablet=&#8221;default&#8221; column_direction_phone=&#8221;default&#8221; bg_color=&#8221;rgba(0,0,0,0.03)&#8221; scene_position=&#8221;center&#8221; top_padding=&#8221;8%&#8221; bottom_padding=&#8221;6%&#8221; left_padding_desktop=&#8221;11%&#8221; constrain_group_2=&#8221;yes&#8221; right_padding_desktop=&#8221;11%&#8221; top_padding_tablet=&#8221;14%&#8221; bottom_padding_tablet=&#8221;10%&#8221; left_padding_tablet=&#8221;8%&#8221; constrain_group_4=&#8221;yes&#8221; right_padding_tablet=&#8221;8%&#8221; constrain_group_6=&#8221;yes&#8221; text_color=&#8221;dark&#8221; text_align=&#8221;left&#8221; row_border_radius=&#8221;none&#8221; row_border_radius_applies=&#8221;bg&#8221; overflow=&#8221;visible&#8221; id=&#8221;intro&#8221; advanced_gradient_angle=&#8221;0&#8243; overlay_strength=&#8221;0.3&#8243; gradient_direction=&#8221;left_to_right&#8221; shape_divider_position=&#8221;bottom&#8221; bg_image_animation=&#8221;none&#8221; gradient_type=&#8221;default&#8221; shape_type=&#8221;&#8221;][vc_column column_padding=&#8221;no-extra-padding&#8221; column_padding_tablet=&#8221;no-extra-padding&#8221; column_padding_phone=&#8221;no-extra-padding&#8221; column_padding_position=&#8221;all&#8221; column_element_direction_desktop=&#8221;default&#8221; column_element_spacing=&#8221;default&#8221; desktop_text_alignment=&#8221;default&#8221; tablet_text_alignment=&#8221;default&#8221; phone_text_alignment=&#8221;default&#8221; background_color_opacity=&#8221;1&#8243; background_hover_color_opacity=&#8221;1&#8243; column_backdrop_filter=&#8221;none&#8221; column_shadow=&#8221;none&#8221; column_border_radius=&#8221;none&#8221; column_link_target=&#8221;_self&#8221; column_position=&#8221;default&#8221; advanced_gradient_angle=&#8221;0&#8243; gradient_direction=&#8221;left_to_right&#8221; overlay_strength=&#8221;0.3&#8243; width=&#8221;1\/2&#8243; tablet_width_inherit=&#8221;default&#8221; animation_type=&#8221;default&#8221; bg_image_animation=&#8221;none&#8221; border_type=&#8221;simple&#8221; column_border_width=&#8221;none&#8221; column_border_style=&#8221;solid&#8221; gradient_type=&#8221;default&#8221; column_padding_type=&#8221;default&#8221; offset=&#8221;vc_col-lg-offset-2 vc_col-lg-8 vc_col-md-offset-0 vc_col-md-12&#8243;][split_line_heading animation_type=&#8221;line-reveal-by-space&#8221; font_style=&#8221;h1&#8243; text_color=&#8221;#004e27&#8243; line_reveal_by_space_text_effect=&#8221;default&#8221; content_alignment=&#8221;default&#8221; mobile_content_alignment=&#8221;inherit&#8221; link_target=&#8221;_self&#8221; text_content=&#8221;Declaraci\u00f3n de protecci\u00f3n de datos&#8221;][\/split_line_heading][vc_column_text]\n<h2><span lang=\"ES\">1. Sinopsis de la protecci\u00f3n de datos<\/span><\/h2>\n<h3><span lang=\"ES\">Indicaciones generales<\/span><\/h3>\n<p><span lang=\"ES\">Las siguientes indicaciones ofrecen una visi\u00f3n general de lo que ocurre con sus datos personales cuando visita nuestro sitio web. Los datos personales son todos aquellos con los que se le puede identificar personalmente. Encontrar\u00e1 informaci\u00f3n detallada sobre el tema de la protecci\u00f3n de datos en nuestra declaraci\u00f3n de protecci\u00f3n de datos, que figura a continuaci\u00f3n de este texto.<\/span><\/p>\n<h3><span lang=\"ES\">Recopilaci\u00f3n de datos en nuestro sitio web<\/span><\/h3>\n<p><strong><span lang=\"ES\">\u00bfQui\u00e9n es responsable de la recopilaci\u00f3n de datos en este sitio web?<\/span><\/strong><\/p>\n<p><span lang=\"ES\">El tratamiento de datos en este sitio web corre a cargo del operador del mismo. Encontrar\u00e1 sus datos de contacto en el pie de imprenta de este sitio web.<\/span><\/p>\n<p><strong><span lang=\"ES\">\u00bfC\u00f3mo recopilamos sus datos?<\/span><\/strong><\/p>\n<p><span lang=\"ES\">Por un lado, sus datos se recopilan cuando usted nos los facilita. Puede tratarse, por ejemplo, de datos que usted introduce en un formulario de contacto.<\/span><\/p>\n<p><span lang=\"ES\">Otros datos son recopilados autom\u00e1ticamente por nuestros sistemas inform\u00e1ticos cuando usted visita el sitio web. Se trata principalmente de datos t\u00e9cnicos (por ejemplo, navegador de Internet, sistema operativo u hora de visualizaci\u00f3n de la p\u00e1gina). Estos datos se recopilan autom\u00e1ticamente en cuanto usted entra en nuestro sitio web.<\/span><\/p>\n<p><strong><span lang=\"ES\">\u00bfPara qu\u00e9 utilizamos sus datos?<\/span><\/strong><\/p>\n<p><span lang=\"ES\">Algunos de los datos se recopilan para garantizar que el sitio web se facilita sin errores. Otros datos pueden utilizarse para analizar su comportamiento como usuario.<\/span><\/p>\n<p><strong><span lang=\"ES\">\u00bfQu\u00e9 derechos tiene en relaci\u00f3n con sus datos?<\/span><\/strong><\/p>\n<p><span lang=\"ES\">Tiene derecho a recibir informaci\u00f3n gratuita en cualquier momento sobre el origen, el destinatario y la finalidad de sus datos personales almacenados. Tambi\u00e9n tiene derecho a solicitar la rectificaci\u00f3n, el bloqueo o la supresi\u00f3n de estos datos. Puede ponerse en contacto con nosotros en cualquier momento en la direcci\u00f3n indicada en el pie de imprenta si tiene m\u00e1s preguntas al respecto y sobre el tema de la protecci\u00f3n de datos. Adem\u00e1s, tiene derecho a presentar una reclamaci\u00f3n ante la autoridad inspectora responsable.<\/span><\/p>\n<h3><span lang=\"ES\">Herramientas de an\u00e1lisis y de terceros proveedores<\/span><\/h3>\n<p><span lang=\"ES\">Cuando visita nuestro sitio web, su comportamiento de navegaci\u00f3n puede evaluarse estad\u00edsticamente. Para ello se utilizan principalmente cookies y los denominados programas de an\u00e1lisis. El an\u00e1lisis de su comportamiento de navegaci\u00f3n es generalmente an\u00f3nimo; el comportamiento de navegaci\u00f3n no puede ser rastreado hasta usted. Puede oponerse a este an\u00e1lisis o impedirlo dejando de utilizar determinadas herramientas. Encontrar\u00e1 informaci\u00f3n detallada al respecto en la siguiente declaraci\u00f3n de protecci\u00f3n de datos.<\/span><\/p>\n<p><span lang=\"ES\">Puede oponerse a este an\u00e1lisis. Le informaremos sobre las opciones de oposici\u00f3n en esta declaraci\u00f3n de protecci\u00f3n de datos.<\/span><\/p>\n<h2><span lang=\"ES\">2. Indicaciones generales sobre la informaci\u00f3n obligatoria<\/span><\/h2>\n<h3><span lang=\"ES\">Protecci\u00f3n de datos<\/span><\/h3>\n<p><span lang=\"ES\">Los operadores de estas p\u00e1ginas se toman muy en serio la protecci\u00f3n de sus datos personales. Tratamos sus datos personales de forma confidencial y de acuerdo con la normativa legal de protecci\u00f3n de datos y la presente declaraci\u00f3n de protecci\u00f3n de datos.<\/span><\/p>\n<p><span lang=\"ES\">Cuando usted utiliza este sitio web, se recopilan diversos datos personales. Los datos personales son aquellos con los que se le puede identificar personalmente. La presente declaraci\u00f3n de protecci\u00f3n de datos explica qu\u00e9 datos recopilamos y para qu\u00e9 los utilizamos. Tambi\u00e9n explica c\u00f3mo y para qu\u00e9 se hace.<\/span><\/p>\n<p><span lang=\"ES\">Nos gustar\u00eda se\u00f1alar que la transmisi\u00f3n de datos a trav\u00e9s de Internet (por ejemplo, cuando se comunica por correo electr\u00f3nico) puede tener lagunas de seguridad. No es posible una protecci\u00f3n completa de los datos contra el acceso de terceros.<\/span><\/p>\n<h3><span lang=\"ES\">Nota sobre el organismo responsable<\/span><\/h3>\n<p><span lang=\"ES\">El organismo responsable del tratamiento de datos en este sitio web es:<\/span><\/p>\n<p><span lang=\"ES\">H\u00fcbener Versicherungs-AG<br \/>\nBallindamm 37<br \/>\n20095 Hamburgo<br \/>\nJunta directiva: Nicolas H\u00fcbener, Dietmar Linde<\/span><\/p>\n<p><span lang=\"ES\">Tel\u00e9fono: +49 40 226 31 78 \u2013 0<br \/>\nCorreo electr\u00f3nico: post@huebener-ag.eu<\/span><\/p>\n<p><span lang=\"ES\">El organismo responsable es la persona f\u00edsica o jur\u00eddica que, sola o junto con otras, determina los fines y medios del tratamiento de datos personales (por ejemplo, nombres, direcciones de correo electr\u00f3nico, etc.).<\/span><\/p>\n<h3><span lang=\"ES\">Revocaci\u00f3n de su consentimiento para el tratamiento de datos<\/span><\/h3>\n<p><span lang=\"ES\">Muchas operaciones de tratamiento de datos solo son posibles con su consentimiento expreso. Puede revocar su consentimiento en cualquier momento. Para ello solo tiene que enviarnos un correo electr\u00f3nico informal. La legalidad del tratamiento de datos efectuado hasta la revocaci\u00f3n no se ver\u00e1 afectada por esta.<\/span><\/p>\n<h3><span lang=\"ES\">Derecho a presentar una reclamaci\u00f3n ante la autoridad inspectora responsable<\/span><\/h3>\n<p><span lang=\"ES\">En caso de infracci\u00f3n de la legislaci\u00f3n sobre protecci\u00f3n de datos, el interesado tiene derecho a presentar una reclamaci\u00f3n ante la autoridad inspectora responsable. La autoridad inspectora responsable en materia de protecci\u00f3n de datos es el delegado de protecci\u00f3n de datos del Estado federado en el que tiene su sede nuestra empresa. En el siguiente enlace encontrar\u00e1 una lista de los delegados de protecci\u00f3n de datos y sus datos de contacto: <a href=\"https:\/\/www.bfdi.bund.de\/DE\/Infothek\/Anschriften_Links\/anschriften_links-node.html\" target=\"_blank\" rel=\"noopener nofollow\">https:\/\/www.bfdi.bund.de\/DE\/Infothek\/Anschriften_Links\/anschriften_links-node.html<\/a>.<\/span><\/p>\n<h3><span lang=\"ES\">Derecho a la portabilidad de los datos<\/span><\/h3>\n<p><span lang=\"ES\">Tiene derecho a que los datos que tratamos autom\u00e1ticamente sobre la base de su consentimiento o en cumplimiento de un contrato se le entreguen a usted o a un tercero en un formato de uso com\u00fan legible por m\u00e1quina. Si solicita la transferencia directa de los datos a otro responsable del tratamiento, solo se har\u00e1 en la medida en que sea t\u00e9cnicamente viable.<\/span><\/p>\n<h3><span lang=\"ES\">Cifrado SSL o TLS<\/span><\/h3>\n<p><span lang=\"ES\">Este sitio utiliza cifrado SSL o TLS por razones de seguridad y para proteger la transmisi\u00f3n de contenido confidencial, como pedidos o consultas que nos env\u00ede en calidad de operador del sitio. Puede reconocer una conexi\u00f3n cifrada por el hecho de que la barra de direcciones del navegador cambia de &#8220;http:\/\/&#8221; a &#8220;https:\/\/&#8221; y por el s\u00edmbolo del candado en la barra de su navegador.<\/span><\/p>\n<p><span lang=\"ES\">Si el cifrado SSL o TLS est\u00e1 activado, los datos que nos transmita no podr\u00e1n ser le\u00eddos por terceros.<\/span><\/p>\n<h3><span lang=\"ES\">Informaci\u00f3n, bloqueo y supresi\u00f3n<\/span><\/h3>\n<p><span lang=\"ES\">En el marco de las disposiciones legales aplicables, usted tiene derecho en todo momento a la libre informaci\u00f3n sobre sus datos personales almacenados, su origen y destinatario y la finalidad del tratamiento de datos y, en su caso, derecho a la rectificaci\u00f3n, bloqueo o supresi\u00f3n de estos datos. Puede ponerse en contacto con nosotros en cualquier momento en la direcci\u00f3n indicada en el pie de imprenta si tiene m\u00e1s preguntas al respecto y sobre el tema de los datos personales.<\/span><\/p>\n<h3><span lang=\"ES\">Oposici\u00f3n a los correos electr\u00f3nicos publicitarios<\/span><\/h3>\n<p><span lang=\"ES\">Por la presente nos oponemos al uso de los datos de contacto publicados en el contexto de la obligaci\u00f3n de pie de imprenta para enviar publicidad y material informativo no solicitados. Los operadores de este sitio web se reservan expresamente el derecho a emprender acciones legales en caso de env\u00edo no solicitado de informaci\u00f3n publicitaria, como correos electr\u00f3nicos basura.<\/span><\/p>\n<h2><span lang=\"ES\">3. Delegado de protecci\u00f3n de datos<\/span><\/h2>\n<h3><span lang=\"ES\">Delegado de protecci\u00f3n de datos exigido por la ley<\/span><\/h3>\n<p><span lang=\"ES\">Hemos nombrado a un delegado de la protecci\u00f3n de datos para nuestra empresa.<br \/>\nPuede ponerse en contacto con nuestro delegado de protecci\u00f3n de datos utilizando los siguientes datos de contacto:<br \/>\ndatenschutzbeauftragter@huebener-ag.eu<\/span><\/p>\n<h2><span lang=\"ES\">4. Recopilaci\u00f3n de datos en nuestro sitio web<\/span><\/h2>\n<h3>Cookies<\/h3>\n<p><span lang=\"ES\">Utilizamos la herramienta de consentimiento &#8220;Real Cookie Banner&#8221; para gestionar las cookies y tecnolog\u00edas similares utilizadas (p\u00edxeles de seguimiento, balizas web, etc.) y los consentimientos relacionados. Encontrar\u00e1 informaci\u00f3n detallada sobre el funcionamiento de &#8220;Real Cookie Banner&#8221; en <a href=\"https:\/\/devowl.io\/de\/rcb\/datenverarbeitung\/\" target=\"_blank\" rel=\"noopener nofollow\">https:\/\/devowl.io\/de\/rcb\/datenverarbeitung\/<\/a>.<\/span><\/p>\n<p><span lang=\"ES\">La base jur\u00eddica para el tratamiento de datos personales en este contexto es el art\u00edculo 6, apartado 1, letra c del RGPD y el art\u00edculo 6, apartado 1, letra f del RGPD. Nuestro inter\u00e9s leg\u00edtimo es la gesti\u00f3n de las cookies y tecnolog\u00edas similares utilizadas y los consentimientos relacionados.<\/span><\/p>\n<p><span lang=\"ES\">El suministro de datos personales no es obligatorio por contrato ni necesario para la celebraci\u00f3n de un contrato. No est\u00e1 obligado a facilitarnos sus datos personales. Si no facilita los datos personales, no podremos gestionar sus consentimientos.<\/span><\/p>\n<h3><span lang=\"ES\">Archivos de registro del servidor<\/span><\/h3>\n<p>El proveedor de las p\u00e1ginas recopila y almacena autom\u00e1ticamente informaci\u00f3n en los denominados archivos de registro del servidor, que su navegador nos transmite autom\u00e1ticamente. Dicha informaci\u00f3n es, concretamente:<\/p>\n<ul>\n<li>tipo de navegador y versi\u00f3n del navegador<\/li>\n<li>sistema operativo utilizado<\/li>\n<li>URL de referencia<\/li>\n<li>nombre de host del equipo desde el que se accede<\/li>\n<li>hora de la consulta al servidor<\/li>\n<li>direcci\u00f3n IP<\/li>\n<\/ul>\n<p>Estos datos no se fusionan con otras fuentes de datos.<\/p>\n<p>La base para el tratamiento de datos es el art\u00edculo 6, apartado 1, letra f del RGPD, que permite el tratamiento de datos para el cumplimiento de un contrato o de medidas precontractuales.<\/p>\n<h2><span lang=\"ES\">5. Herramientas de an\u00e1lisis y publicidad<\/span><\/h2>\n<h3>Google Analytics<\/h3>\n<p>Este sitio web utiliza funciones del servicio de an\u00e1lisis web Google Analytics. El proveedor es Google Ireland Limited, Gordon House, Barrow Street, Dubl\u00edn 4, Irlanda.<\/p>\n<p>Google Analytics utiliza las denominadas &#8220;cookies&#8221;. Son archivos de texto que se almacenan en su ordenador y permiten analizar el uso que hace usted del sitio web. No se descarta la transmisi\u00f3n a Estados Unidos de la informaci\u00f3n generada por la cookie sobre su uso de este sitio web.<\/p>\n<p>Las cookies de Google Analytics se almacenan sobre la base del art\u00edculo 6, apartado 1, letra f del RGPD. El operador del sitio web tiene un inter\u00e9s leg\u00edtimo en analizar el comportamiento de los usuarios para optimizar tanto su sitio web como su publicidad.<\/p>\n<p><strong><span lang=\"ES\">Anonimizaci\u00f3n de IP<\/span><\/strong><\/p>\n<p><span lang=\"ES\">Hemos activado la funci\u00f3n de anonimizaci\u00f3n de IP en este sitio web. Como resultado, su direcci\u00f3n IP ser\u00e1 acortada por Google dentro de los estados miembros de la Uni\u00f3n Europea o en otros estados signatarios del Acuerdo sobre el Espacio Econ\u00f3mico Europeo antes de ser transmitida a los Estados Unidos. Solo en casos excepcionales se transmitir\u00e1 la direcci\u00f3n IP completa a un servidor de Google en Estados Unidos y se acortar\u00e1 all\u00ed. En nombre del operador de este sitio web, Google usar\u00e1 esta informaci\u00f3n para analizar su uso del sitio web, recopilar informes sobre la actividad del sitio web y prestar otros servicios relacionados con la actividad del sitio web y el uso de Internet al operador del sitio web. La direcci\u00f3n IP transmitida por su navegador como parte de Google Analytics no se fusionar\u00e1 con otros datos de Google.<\/span><\/p>\n<p><strong><span lang=\"ES\">Plugin del navegador<\/span><\/strong><\/p>\n<p><span lang=\"ES\">Usted puede rechazar el uso de cookies seleccionando la configuraci\u00f3n apropiada en su navegador; no obstante, tenga en cuenta que si lo hace es posible que no pueda utilizar todas las funciones de este sitio web. Tambi\u00e9n puede evitar que Google recopile los datos generados por la cookie y relacionados con su uso del sitio web (incluida su direcci\u00f3n IP) y que Google procese estos datos descargando e instalando el complemento del navegador disponible en el siguiente enlace: <a href=\"https:\/\/tools.google.com\/dlpage\/gaoptout?hl=de\" target=\"_blank\" rel=\"noopener nofollow\">https:\/\/tools.google.com\/dlpage\/gaoptout?hl=de<\/a>.<\/span><\/p>\n<p><strong><span lang=\"ES\">Oposici\u00f3n a la recopilaci\u00f3n de datos<\/span><\/strong><\/p>\n<p><span lang=\"ES\">Puede impedir la recopilaci\u00f3n de sus datos por parte de Google Analytics haciendo clic en el siguiente enlace. Se instalar\u00e1 una cookie de exclusi\u00f3n para impedir la recopilaci\u00f3n de sus datos en futuras visitas a este sitio web: Desactivar Google Analytics.<\/span><\/p>\n<p><span lang=\"ES\">Puede encontrar m\u00e1s informaci\u00f3n sobre c\u00f3mo Google Analytics trata los datos de los usuarios en la declaraci\u00f3n de protecci\u00f3n de datos de Google: <a href=\"https:\/\/support.google.com\/analytics\/answer\/6004245?hl=de\" target=\"_blank\" rel=\"noopener nofollow\">https:\/\/support.google.com\/analytics\/answer\/6004245?hl=de<\/a>.<\/span><\/p>\n<p><strong><span lang=\"ES\">Tratamiento de datos de pedidos<\/span><\/strong><\/p>\n<p><span lang=\"ES\">Hemos suscrito un contrato con Google para el tratamiento de datos de pedidos y aplicamos plenamente los estrictos requisitos de las autoridades alemanas de protecci\u00f3n de datos al utilizar Google Analytics.<\/span><\/p>\n<h2><span lang=\"ES\">6. Bolet\u00edn de noticias<\/span><\/h2>\n<h3><span lang=\"ES\">Datos del bolet\u00edn de noticias<\/span><\/h3>\n<p><span lang=\"ES\">Si desea recibir el bolet\u00edn de noticias que se ofrece en el sitio web, necesitamos que nos facilite una direcci\u00f3n de correo electr\u00f3nico, as\u00ed como informaci\u00f3n que nos permita verificar que usted es el titular de la direcci\u00f3n de correo electr\u00f3nico facilitada y que acepta recibir el bolet\u00edn de noticias. Otros datos no se recopilan o solo se recopilan de forma voluntaria. Utilizamos estos datos exclusivamente para enviar la informaci\u00f3n solicitada y no los transmitimos a terceros.<\/span><\/p>\n<p><span lang=\"ES\">Los datos introducidos en el formulario de suscripci\u00f3n al bolet\u00edn de noticias se procesan exclusivamente sobre la base de su consentimiento (art\u00edculo 6, apartado 1, letra a del RGPD). Puede revocar su consentimiento para el almacenamiento de los datos, la direcci\u00f3n de correo electr\u00f3nico y su uso para el env\u00edo del bolet\u00edn de noticias en cualquier momento, por ejemplo a trav\u00e9s del enlace &#8220;darse de baja&#8221; del bolet\u00edn de noticias. La legalidad de las operaciones de tratamiento de datos ya realizadas no se ver\u00e1 afectada por la revocaci\u00f3n.<\/span><\/p>\n<p><span lang=\"ES\">Los datos que nos proporcione con el fin de suscribirse al bolet\u00edn de noticias ser\u00e1n almacenados por nosotros hasta que se d\u00e9 de baja del bolet\u00edn de noticias y eliminados despu\u00e9s de darse de baja del mismo. Esto no afecta a los datos almacenados con otros fines (por ejemplo, direcciones de correo electr\u00f3nico para el \u00e1rea de miembros).<\/span><\/p>\n<h2><span lang=\"ES\">7. Complementos y herramientas<\/span><\/h2>\n<h3>Google Maps<\/h3>\n<p>Este sitio utiliza el servicio de mapas de Google Maps a trav\u00e9s de una API. El proveedor es Google Ireland Limited, Gordon House, Barrow Street, Dubl\u00edn 4, Irlanda.<\/p>\n<p>Para utilizar las funciones de Google Maps, es necesario guardar su direcci\u00f3n IP. No puede excluirse una transferencia de sus datos a Estados Unidos. El proveedor de este sitio no tiene ninguna influencia en esta transferencia de datos.<\/p>\n<p>El uso de Google Maps responde al inter\u00e9s de una presentaci\u00f3n atractiva de nuestras ofertas en l\u00ednea y de facilitar la localizaci\u00f3n de los lugares que indicamos en el sitio web. Esto constituye un inter\u00e9s leg\u00edtimo en el sentido del art\u00edculo 6, apartado 1, letra f del RGPD.<\/p>\n<p>Encontrar\u00e1 m\u00e1s informaci\u00f3n sobre el tratamiento de los datos de los usuarios en la declaraci\u00f3n de protecci\u00f3n de datos de Google: <a href=\"https:\/\/www.google.de\/intl\/de\/policies\/privacy\/\" rel=\"nofollow noopener\" target=\"_blank\">https:\/\/www.google.de\/intl\/de\/policies\/privacy\/<\/a>.<\/p>\n[\/vc_column_text][\/vc_column][\/vc_row]\n","protected":false},"excerpt":{"rendered":"<p>[vc_row type=&#8221;full_width_content&#8221; full_screen_row_position=&#8221;middle&#8221; column_margin=&#8221;default&#8221; equal_height=&#8221;yes&#8221; column_direction=&#8221;default&#8221; column_direction_tablet=&#8221;default&#8221; column_direction_phone=&#8221;default&#8221; bg_color=&#8221;rgba(0,0,0,0.03)&#8221; scene_position=&#8221;center&#8221; top_padding=&#8221;8%&#8221; bottom_padding=&#8221;6%&#8221; left_padding_desktop=&#8221;11%&#8221; constrain_group_2=&#8221;yes&#8221; right_padding_desktop=&#8221;11%&#8221; top_padding_tablet=&#8221;14%&#8221; bottom_padding_tablet=&#8221;10%&#8221; left_padding_tablet=&#8221;8%&#8221; constrain_group_4=&#8221;yes&#8221; right_padding_tablet=&#8221;8%&#8221; constrain_group_6=&#8221;yes&#8221; text_color=&#8221;dark&#8221; text_align=&#8221;left&#8221; row_border_radius=&#8221;none&#8221; row_border_radius_applies=&#8221;bg&#8221; overflow=&#8221;visible&#8221; id=&#8221;intro&#8221; advanced_gradient_angle=&#8221;0&#8243; overlay_strength=&#8221;0.3&#8243; gradient_direction=&#8221;left_to_right&#8221;&#8230;<\/p>\n","protected":false},"author":2,"featured_media":0,"parent":0,"menu_order":0,"comment_status":"closed","ping_status":"closed","template":"","meta":{"_acf_changed":false,"footnotes":""},"ppma_author":[86],"acf":[],"_links":{"self":[{"href":"https:\/\/dev.huebener-ag.eu\/es\/wp-json\/wp\/v2\/pages\/6812"}],"collection":[{"href":"https:\/\/dev.huebener-ag.eu\/es\/wp-json\/wp\/v2\/pages"}],"about":[{"href":"https:\/\/dev.huebener-ag.eu\/es\/wp-json\/wp\/v2\/types\/page"}],"author":[{"embeddable":true,"href":"https:\/\/dev.huebener-ag.eu\/es\/wp-json\/wp\/v2\/users\/2"}],"replies":[{"embeddable":true,"href":"https:\/\/dev.huebener-ag.eu\/es\/wp-json\/wp\/v2\/comments?post=6812"}],"version-history":[{"count":3,"href":"https:\/\/dev.huebener-ag.eu\/es\/wp-json\/wp\/v2\/pages\/6812\/revisions"}],"predecessor-version":[{"id":6815,"href":"https:\/\/dev.huebener-ag.eu\/es\/wp-json\/wp\/v2\/pages\/6812\/revisions\/6815"}],"wp:attachment":[{"href":"https:\/\/dev.huebener-ag.eu\/es\/wp-json\/wp\/v2\/media?parent=6812"}],"wp:term":[{"taxonomy":"author","embeddable":true,"href":"https:\/\/dev.huebener-ag.eu\/es\/wp-json\/wp\/v2\/ppma_author?post=6812"}],"curies":[{"name":"wp","href":"https:\/\/api.w.org\/{rel}","templated":true}]}}