{"id":6480,"date":"2023-10-11T12:55:33","date_gmt":"2023-10-11T10:55:33","guid":{"rendered":"https:\/\/dev.huebener-ag.eu\/?page_id=6480"},"modified":"2024-02-05T11:03:39","modified_gmt":"2024-02-05T10:03:39","slug":"conformite","status":"publish","type":"page","link":"https:\/\/dev.huebener-ag.eu\/fr\/conformite\/","title":{"rendered":"Conformit\u00e9"},"content":{"rendered":"[vc_row type=&#8221;full_width_content&#8221; full_screen_row_position=&#8221;middle&#8221; column_margin=&#8221;default&#8221; column_direction=&#8221;default&#8221; column_direction_tablet=&#8221;default&#8221; column_direction_phone=&#8221;default&#8221; bg_color=&#8221;rgba(0,0,0,0.03)&#8221; scene_position=&#8221;center&#8221; top_padding=&#8221;8%&#8221; bottom_padding=&#8221;8%&#8221; left_padding_desktop=&#8221;11%&#8221; constrain_group_2=&#8221;yes&#8221; right_padding_desktop=&#8221;11%&#8221; top_padding_tablet=&#8221;14%&#8221; bottom_padding_tablet=&#8221;10%&#8221; left_padding_tablet=&#8221;8%&#8221; constrain_group_4=&#8221;yes&#8221; right_padding_tablet=&#8221;8%&#8221; constrain_group_6=&#8221;yes&#8221; text_color=&#8221;dark&#8221; text_align=&#8221;left&#8221; row_border_radius=&#8221;none&#8221; row_border_radius_applies=&#8221;bg&#8221; overflow=&#8221;visible&#8221; id=&#8221;intro&#8221; advanced_gradient_angle=&#8221;0&#8243; overlay_strength=&#8221;0.3&#8243; gradient_direction=&#8221;left_to_right&#8221; shape_divider_position=&#8221;bottom&#8221; bg_image_animation=&#8221;none&#8221; gradient_type=&#8221;default&#8221; shape_type=&#8221;&#8221;][vc_column column_padding=&#8221;no-extra-padding&#8221; column_padding_tablet=&#8221;no-extra-padding&#8221; column_padding_phone=&#8221;no-extra-padding&#8221; column_padding_position=&#8221;all&#8221; column_element_direction_desktop=&#8221;default&#8221; column_element_spacing=&#8221;default&#8221; desktop_text_alignment=&#8221;default&#8221; tablet_text_alignment=&#8221;default&#8221; phone_text_alignment=&#8221;default&#8221; background_color_opacity=&#8221;1&#8243; background_hover_color_opacity=&#8221;1&#8243; column_backdrop_filter=&#8221;none&#8221; column_shadow=&#8221;none&#8221; column_border_radius=&#8221;none&#8221; column_link_target=&#8221;_self&#8221; column_position=&#8221;default&#8221; advanced_gradient_angle=&#8221;0&#8243; gradient_direction=&#8221;left_to_right&#8221; overlay_strength=&#8221;0.3&#8243; width=&#8221;1\/2&#8243; tablet_width_inherit=&#8221;default&#8221; animation_type=&#8221;default&#8221; bg_image_animation=&#8221;none&#8221; border_type=&#8221;simple&#8221; column_border_width=&#8221;none&#8221; column_border_style=&#8221;solid&#8221; gradient_type=&#8221;default&#8221; column_padding_type=&#8221;default&#8221; offset=&#8221;vc_col-lg-offset-2 vc_col-lg-8 vc_col-md-offset-0 vc_col-md-12&#8243;][split_line_heading animation_type=&#8221;line-reveal-by-space&#8221; font_style=&#8221;h1&#8243; text_color=&#8221;#004e27&#8243; line_reveal_by_space_text_effect=&#8221;default&#8221; content_alignment=&#8221;default&#8221; mobile_content_alignment=&#8221;inherit&#8221; link_target=&#8221;_self&#8221; text_content=&#8221;Conformit\u00e9&#8221;][\/split_line_heading][vc_column_text]\n<h3>Portail des lanceurs d\u2019alerte (whistleblowers)<\/h3>\n<p>H\u00fcbener Versicherungs AG est consciente de sa grande responsabilit\u00e9, c\u2019est pourquoi nous sommes tr\u00e8s attentifs au respect de la l\u00e9gislation. Si, en d\u00e9pit de notre vigilance, vous avez observ\u00e9 une violation de la loi ou du r\u00e8glement interne, vous avez <a href=\"https:\/\/huebener-ag.whistledesk.de\/\" target=\"_blank\" rel=\"noopener nofollow\">ici<\/a> la possibilit\u00e9 de transmettre votre remarque de mani\u00e8re confidentielle et anonyme.<\/p>\n<p>Merci de ne signaler sur ce canal que les cas de violation de la loi ou des r\u00e8gles internes. En cas de r\u00e9clamation d\u2019ordre g\u00e9n\u00e9ral, nous sommes \u00e0 votre disposition via nos <a href=\"https:\/\/dev.huebener-ag.eu\/fr\/contact\/\">Coordonn\u00e9es de contact<\/a> habituelles.[\/vc_column_text][\/vc_column][\/vc_row]\n","protected":false},"excerpt":{"rendered":"<p>[vc_row type=&#8221;full_width_content&#8221; full_screen_row_position=&#8221;middle&#8221; column_margin=&#8221;default&#8221; column_direction=&#8221;default&#8221; column_direction_tablet=&#8221;default&#8221; column_direction_phone=&#8221;default&#8221; bg_color=&#8221;rgba(0,0,0,0.03)&#8221; scene_position=&#8221;center&#8221; top_padding=&#8221;8%&#8221; bottom_padding=&#8221;8%&#8221; left_padding_desktop=&#8221;11%&#8221; constrain_group_2=&#8221;yes&#8221; right_padding_desktop=&#8221;11%&#8221; top_padding_tablet=&#8221;14%&#8221; bottom_padding_tablet=&#8221;10%&#8221; left_padding_tablet=&#8221;8%&#8221; constrain_group_4=&#8221;yes&#8221; right_padding_tablet=&#8221;8%&#8221; constrain_group_6=&#8221;yes&#8221; text_color=&#8221;dark&#8221; text_align=&#8221;left&#8221; row_border_radius=&#8221;none&#8221; row_border_radius_applies=&#8221;bg&#8221; overflow=&#8221;visible&#8221; id=&#8221;intro&#8221; advanced_gradient_angle=&#8221;0&#8243; overlay_strength=&#8221;0.3&#8243; gradient_direction=&#8221;left_to_right&#8221; shape_divider_position=&#8221;bottom&#8221;&#8230;<\/p>\n","protected":false},"author":2,"featured_media":0,"parent":0,"menu_order":0,"comment_status":"closed","ping_status":"closed","template":"","meta":{"_acf_changed":false,"footnotes":""},"ppma_author":[86],"acf":[],"_links":{"self":[{"href":"https:\/\/dev.huebener-ag.eu\/fr\/wp-json\/wp\/v2\/pages\/6480"}],"collection":[{"href":"https:\/\/dev.huebener-ag.eu\/fr\/wp-json\/wp\/v2\/pages"}],"about":[{"href":"https:\/\/dev.huebener-ag.eu\/fr\/wp-json\/wp\/v2\/types\/page"}],"author":[{"embeddable":true,"href":"https:\/\/dev.huebener-ag.eu\/fr\/wp-json\/wp\/v2\/users\/2"}],"replies":[{"embeddable":true,"href":"https:\/\/dev.huebener-ag.eu\/fr\/wp-json\/wp\/v2\/comments?post=6480"}],"version-history":[{"count":2,"href":"https:\/\/dev.huebener-ag.eu\/fr\/wp-json\/wp\/v2\/pages\/6480\/revisions"}],"predecessor-version":[{"id":6482,"href":"https:\/\/dev.huebener-ag.eu\/fr\/wp-json\/wp\/v2\/pages\/6480\/revisions\/6482"}],"wp:attachment":[{"href":"https:\/\/dev.huebener-ag.eu\/fr\/wp-json\/wp\/v2\/media?parent=6480"}],"wp:term":[{"taxonomy":"author","embeddable":true,"href":"https:\/\/dev.huebener-ag.eu\/fr\/wp-json\/wp\/v2\/ppma_author?post=6480"}],"curies":[{"name":"wp","href":"https:\/\/api.w.org\/{rel}","templated":true}]}}