{"id":6483,"date":"2022-11-17T10:11:38","date_gmt":"2022-11-17T09:11:38","guid":{"rendered":"https:\/\/dev.huebener-ag.eu\/?page_id=6483"},"modified":"2024-02-05T11:04:12","modified_gmt":"2024-02-05T10:04:12","slug":"politique-de-confidentialite","status":"publish","type":"page","link":"https:\/\/dev.huebener-ag.eu\/fr\/politique-de-confidentialite\/","title":{"rendered":"Politique de confidentialit\u00e9"},"content":{"rendered":"[vc_row type=&#8221;full_width_content&#8221; full_screen_row_position=&#8221;middle&#8221; column_margin=&#8221;default&#8221; equal_height=&#8221;yes&#8221; column_direction=&#8221;default&#8221; column_direction_tablet=&#8221;default&#8221; column_direction_phone=&#8221;default&#8221; bg_color=&#8221;rgba(0,0,0,0.03)&#8221; scene_position=&#8221;center&#8221; top_padding=&#8221;8%&#8221; bottom_padding=&#8221;6%&#8221; left_padding_desktop=&#8221;11%&#8221; constrain_group_2=&#8221;yes&#8221; right_padding_desktop=&#8221;11%&#8221; top_padding_tablet=&#8221;14%&#8221; bottom_padding_tablet=&#8221;10%&#8221; left_padding_tablet=&#8221;8%&#8221; constrain_group_4=&#8221;yes&#8221; right_padding_tablet=&#8221;8%&#8221; constrain_group_6=&#8221;yes&#8221; text_color=&#8221;dark&#8221; text_align=&#8221;left&#8221; row_border_radius=&#8221;none&#8221; row_border_radius_applies=&#8221;bg&#8221; overflow=&#8221;visible&#8221; id=&#8221;intro&#8221; advanced_gradient_angle=&#8221;0&#8243; overlay_strength=&#8221;0.3&#8243; gradient_direction=&#8221;left_to_right&#8221; shape_divider_position=&#8221;bottom&#8221; bg_image_animation=&#8221;none&#8221; gradient_type=&#8221;default&#8221; shape_type=&#8221;&#8221;][vc_column column_padding=&#8221;no-extra-padding&#8221; column_padding_tablet=&#8221;no-extra-padding&#8221; column_padding_phone=&#8221;no-extra-padding&#8221; column_padding_position=&#8221;all&#8221; column_element_direction_desktop=&#8221;default&#8221; column_element_spacing=&#8221;default&#8221; desktop_text_alignment=&#8221;default&#8221; tablet_text_alignment=&#8221;default&#8221; phone_text_alignment=&#8221;default&#8221; background_color_opacity=&#8221;1&#8243; background_hover_color_opacity=&#8221;1&#8243; column_backdrop_filter=&#8221;none&#8221; column_shadow=&#8221;none&#8221; column_border_radius=&#8221;none&#8221; column_link_target=&#8221;_self&#8221; column_position=&#8221;default&#8221; advanced_gradient_angle=&#8221;0&#8243; gradient_direction=&#8221;left_to_right&#8221; overlay_strength=&#8221;0.3&#8243; width=&#8221;1\/2&#8243; tablet_width_inherit=&#8221;default&#8221; animation_type=&#8221;default&#8221; bg_image_animation=&#8221;none&#8221; border_type=&#8221;simple&#8221; column_border_width=&#8221;none&#8221; column_border_style=&#8221;solid&#8221; gradient_type=&#8221;default&#8221; column_padding_type=&#8221;default&#8221; offset=&#8221;vc_col-lg-offset-2 vc_col-lg-8 vc_col-md-offset-0 vc_col-md-12&#8243;][split_line_heading animation_type=&#8221;line-reveal-by-space&#8221; font_style=&#8221;h1&#8243; text_color=&#8221;#004e27&#8243; line_reveal_by_space_text_effect=&#8221;default&#8221; content_alignment=&#8221;default&#8221; mobile_content_alignment=&#8221;inherit&#8221; link_target=&#8221;_self&#8221; text_content=&#8221;Politique de confidentialit\u00e9&#8221;][\/split_line_heading][vc_column_text]\n<h2>1. La protection des donn\u00e9es en un coup d\u2019\u0153il<\/h2>\n<h3>Remarques g\u00e9n\u00e9rales<\/h3>\n<p>Les indications suivantes donnent un aper\u00e7u de ce qu\u2019il advient de vos donn\u00e9es personnelles lorsque vous visitez notre site web. Les donn\u00e9es personnelles sont toutes les donn\u00e9es qui permettent de vous identifier personnellement. Vous trouverez des informations d\u00e9taill\u00e9es sur le th\u00e8me de la protection des donn\u00e9es dans notre politique de confidentialit\u00e9 figurant sous ce texte.<\/p>\n<h3>Collecte de donn\u00e9es sur notre site web<\/h3>\n<p><strong>Qui est responsable de la collecte des donn\u00e9es sur ce site\u2009?<\/strong><\/p>\n<p>Le traitement des donn\u00e9es collect\u00e9es sur le pr\u00e9sent site web est effectu\u00e9 par l\u2019exploitant du site. Vous trouverez ses coordonn\u00e9es dans les mentions l\u00e9gales du site.<\/p>\n<p><strong>Comment recueillons-nous vos donn\u00e9es\u2009?<\/strong><\/p>\n<p>Vos donn\u00e9es sont collect\u00e9es, d\u2019une part, lorsque vous nous les communiquez. Il peut s\u2019agir, par exemple, de donn\u00e9es que vous saisissez dans un formulaire de contact.<\/p>\n<p>D\u2019autres donn\u00e9es sont automatiquement collect\u00e9es par nos syst\u00e8mes informatiques lors de la visite du site. Il s\u2019agit principalement de donn\u00e9es techniques (par exemple, le navigateur Internet, le syst\u00e8me d\u2019exploitation ou l\u2019heure de consultation du site). La collecte de ces donn\u00e9es se fait automatiquement d\u00e8s que vous acc\u00e9dez \u00e0 notre site.<\/p>\n<p><strong>\u00c0 quelles fins utilisons-nous vos donn\u00e9es\u2009?<\/strong><\/p>\n<p>Une partie des donn\u00e9es est collect\u00e9e afin de garantir une mise \u00e0 disposition sans faille du site web. D\u2019autres donn\u00e9es peuvent \u00eatre utilis\u00e9es pour analyser votre comportement d\u2019utilisateur.<\/p>\n<p><strong>Quels sont vos droits concernant vos donn\u00e9es\u2009?<\/strong><\/p>\n<p>Vous avez \u00e0 tout moment le droit d\u2019obtenir gratuitement des informations sur l\u2019origine, le destinataire et la finalit\u00e9 de la collecte de vos donn\u00e9es personnelles. Vous avez \u00e9galement le droit de demander la rectification, le blocage ou la suppression de ces donn\u00e9es. Vous pouvez nous contacter \u00e0 tout moment \u00e0 l\u2019adresse indiqu\u00e9e dans les mentions l\u00e9gales \u00e0 cet effet ou pour toute autre question relative \u00e0 la protection des donn\u00e9es. En outre, vous disposez d\u2019un droit de recours aupr\u00e8s de l\u2019autorit\u00e9 de surveillance comp\u00e9tente.<\/p>\n<h3>Outils d\u2019analyse et outils de tiers<\/h3>\n<p>Lorsque vous visitez notre site web, votre comportement de navigation peut faire l\u2019objet d\u2019une \u00e9valuation statistique. Cela a lieu principalement \u00e0 l\u2019aide de cookies et de programmes dits d\u2019analyse. L\u2019analyse de votre comportement de navigation se fait g\u00e9n\u00e9ralement de mani\u00e8re anonyme\u2009; le comportement de navigation ne permet pas de remonter jusqu\u2019\u00e0 vous. Vous pouvez vous opposer \u00e0 cette analyse ou l\u2019emp\u00eacher en \u00e9vitant d\u2019utiliser certains outils. Vous trouverez des informations d\u00e9taill\u00e9es \u00e0 ce sujet dans la politique de confidentialit\u00e9 figurant ci-dessous.<\/p>\n<p>Vous pouvez vous opposer \u00e0 cette analyse. Nous vous informons des possibilit\u00e9s d\u2019opposition dans la pr\u00e9sente politique de confidentialit\u00e9.<\/p>\n<h2>2. Remarques g\u00e9n\u00e9rales et informations obligatoires<\/h2>\n<h3>Protection des donn\u00e9es<\/h3>\n<p>L\u2019exploitant du pr\u00e9sent site prend la protection de vos donn\u00e9es personnelles tr\u00e8s au s\u00e9rieux. Nous traitons vos donn\u00e9es personnelles de mani\u00e8re confidentielle et dans le respect des prescriptions l\u00e9gales relatives \u00e0 la protection des donn\u00e9es et de la pr\u00e9sente politique de confidentialit\u00e9.<\/p>\n<p>Lorsque vous consultez le pr\u00e9sent site web, diff\u00e9rentes donn\u00e9es personnelles sont collect\u00e9es. Les donn\u00e9es personnelles sont des donn\u00e9es qui permettent de vous identifier personnellement. La pr\u00e9sente politique de confidentialit\u00e9 vous explique quelles sont les donn\u00e9es que nous collectons et \u00e0 quelles fins nous les utilisons. Elle explique \u00e9galement comment et dans quel but.<\/p>\n<p>Nous vous informons express\u00e9ment que le transfert de donn\u00e9es sur Internet (par exemple pour une communication par e-mail) peut pr\u00e9senter des failles de s\u00e9curit\u00e9. Une protection totale des donn\u00e9es contre l\u2019acc\u00e8s de tiers est impossible.<\/p>\n<h3>Remarque sur le service responsable<\/h3>\n<p>Le responsable du traitement des donn\u00e9es collect\u00e9es sur lesite est\u00a0:<\/p>\n<p>H\u00fcbener Versicherungs-AG<br \/>\nBallindamm 37<br \/>\n20095 Hambourg<br \/>\nDirection\u00a0: Nicolas H\u00fcbener, Dietmar Linde<\/p>\n<p>T\u00e9l\u00e9phone\u00a0: +49 40 226 31 78 &#8211; 0<br \/>\nCourrier \u00e9lectronique\u00a0: <a href=\"mailto:post@huebener-ag.eu\">post@huebener-ag.eu<\/a><\/p>\n<p>Le responsable du traitement est la personne physique ou morale qui, seule ou conjointement avec d\u2019autres, d\u00e9termine les finalit\u00e9s et les moyens du traitement des donn\u00e9es \u00e0 caract\u00e8re personnel (p. ex. noms, adresses \u00e9lectroniques ou autres).<\/p>\n<h3>R\u00e9vocation de votre consentement au traitement des donn\u00e9es<\/h3>\n<p>De nombreuses op\u00e9rations de traitement des donn\u00e9es ne sont possibles qu\u2019avec votre consentement explicite. Vous pouvez r\u00e9voquer \u00e0 tout moment un consentement d\u00e9j\u00e0 donn\u00e9. Il suffit pour cela de nous envoyer un message informel par e-mail. La l\u00e9galit\u00e9 du traitement des donn\u00e9es effectu\u00e9 jusqu\u2019\u00e0 cette date n\u2019est pas affect\u00e9e par la r\u00e9vocation.<\/p>\n<h3>Droit de recours aupr\u00e8s de l\u2019autorit\u00e9 de surveillance comp\u00e9tente<\/h3>\n<p>En cas d\u2019infraction \u00e0 la l\u00e9gislation sur la protection des donn\u00e9es, la personne concern\u00e9e dispose d\u2019un droit de recours aupr\u00e8s de l\u2019autorit\u00e9 de surveillance comp\u00e9tente. L\u2019autorit\u00e9 de surveillance comp\u00e9tente pour les questions relatives \u00e0 la protection des donn\u00e9es est le responsable r\u00e9gional de la protection des donn\u00e9es du Land dans lequel notre entreprise a son si\u00e8ge. Une liste des d\u00e9l\u00e9gu\u00e9s \u00e0 la protection des donn\u00e9es ainsi que leurs coordonn\u00e9es peuvent \u00eatre consult\u00e9es via le lien suivant\u00a0: <a href=\"https:\/\/www.bfdi.bund.de\/DE\/Infothek\/Anschriften_Links\/anschriften_links-node.html\" rel=\"nofollow noopener\" target=\"_blank\">https:\/\/www.bfdi.bund.de\/DE\/Infothek\/Anschriften_Links\/anschriften_links-node.html<\/a>.<\/p>\n<h3>Droit \u00e0 la portabilit\u00e9 des donn\u00e9es<\/h3>\n<p>Vous avez le droit de vous faire remettre ou de faire remettre \u00e0 un tiers, dans un format courant et lisible par machine, les donn\u00e9es que nous traitons de mani\u00e8re automatis\u00e9e sur la base de votre consentement ou en ex\u00e9cution d\u2019un contrat. Si vous demandez le transfert direct des donn\u00e9es \u00e0 un autre responsable, cela ne se fera que dans la mesure o\u00f9 cela est techniquement faisable.<\/p>\n<h3>Chiffrement SSL ou TLS<\/h3>\n<p>Pour des raisons de s\u00e9curit\u00e9 et pour prot\u00e9ger la transmission de contenus confidentiels, tels que les commandes ou les demandes que vous nous envoyez en tant qu\u2019exploitant du site, le pr\u00e9sent site utilise un cryptage SSL ou TLS. Vous reconnaissez une connexion crypt\u00e9e au fait que la ligne d\u2019adresse du navigateur passe de \u00ab\u2009http:\/\/\u2009\u00bb \u00e0 \u00ab\u2009https:\/\/\u2009\u00bb et au symbole du cadenas dans la barre d\u2019adresse de votre navigateur.<\/p>\n<p>Si le cryptage SSL ou TLS est activ\u00e9, les donn\u00e9es que vous nous transmettez ne peuvent pas \u00eatre lues par des tiers.<\/p>\n<h3>Information, blocage, suppression<\/h3>\n<p>Dans le cadre des dispositions l\u00e9gales en vigueur, vous avez \u00e0 tout moment le droit d\u2019obtenir gratuitement des informations sur vos donn\u00e9es personnelles enregistr\u00e9es, leur origine et leur destinataire ainsi que sur la finalit\u00e9 du traitement des donn\u00e9es et, le cas \u00e9ch\u00e9ant, un droit de rectification, de blocage ou de suppression de ces donn\u00e9es. \u00c0 ce sujet et pour toutes vos questions concernant les donn\u00e9es personnelles, vous pouvez nous contacter \u00e0 tout moment \u00e0 l\u2019adresse figurant dans les mentions l\u00e9gales.<\/p>\n<h3>Opposition aux e-mails publicitaires<\/h3>\n<p>L\u2019utilisation par des tiers des coordonn\u00e9es de contact publi\u00e9es dans le cadre des mentions l\u00e9gales en vue de l\u2019envoi de publicit\u00e9 et de renseignements non demand\u00e9s est express\u00e9ment interdite. L\u2019exploitant se r\u00e9serve le droit d\u2019engager des poursuites dans le cas d\u2019envois non autoris\u00e9s de publicit\u00e9s, par exemple via des spams.<\/p>\n<h2>3. D\u00e9l\u00e9gu\u00e9 \u00e0 la protection des donn\u00e9es<\/h2>\n<h3>D\u00e9l\u00e9gu\u00e9 \u00e0 la protection des donn\u00e9es prescrit par la loi<\/h3>\n<p>Nous avons d\u00e9sign\u00e9 un d\u00e9l\u00e9gu\u00e9 \u00e0 la protection des donn\u00e9es pour notre entreprise.<br \/>\nVous pouvez contacter notre responsable de la protection des donn\u00e9es \u00e0 l\u2019adresse suivante\u00a0:<br \/>\n<a href=\"mailto:datenschutzbeauftragter@huebener-ag.eu\">datenschutzbeauftragter@huebener-ag.eu<\/a><\/p>\n<h2>4. Collecte de donn\u00e9es sur notre site web<\/h2>\n<h3>Cookies<\/h3>\n<p>Nous utilisons l\u2019outil de consentement \u00ab\u2009Real Cookie Banner\u2009\u00bb pour g\u00e9rer les cookies et les technologies similaires utilis\u00e9es (pixels de suivi, balises web, etc.) ainsi que les consentements y aff\u00e9rents. Vous trouverez des d\u00e9tails sur le fonctionnement de \u00ab\u2009Real Cookie Banner\u2009\u00bb sur <a href=\"https:\/\/devowl.io\/de\/rcb\/datenverarbeitung\/\" rel=\"nofollow noopener\" target=\"_blank\">https:\/\/devowl.io\/de\/rcb\/datenverarbeitung\/<\/a>.<\/p>\n<p>Les bases juridiques du traitement des donn\u00e9es \u00e0 caract\u00e8re personnel dans ce contexte sont l\u2019article 6, paragraphe 1, point c), du RGPD et l\u2019article 6, paragraphe 1, point f), du RGPD. Notre int\u00e9r\u00eat l\u00e9gitime est de g\u00e9rer les cookies et technologies similaires utilis\u00e9s et les consentements y aff\u00e9rents.<\/p>\n<p>La mise \u00e0 disposition des donn\u00e9es personnelles n\u2019est ni prescrite contractuellement ni n\u00e9cessaire \u00e0 la conclusion d\u2019un contrat. Vous n\u2019\u00eates pas oblig\u00e9 de fournir de donn\u00e9es personnelles. Si vous ne nous fournissez pas de donn\u00e9es personnelles, nous ne pourrons pas g\u00e9rer vos consentements.<\/p>\n<h3>Fichiers journaux du serveur<\/h3>\n<p>Le fournisseur du site collecte et enregistre automatiquement des informations dans ce que l\u2019on appelle des fichiers journaux du serveur, que votre navigateur nous transmet automatiquement. Il s\u2019agit de\u00a0:<\/p>\n<ul>\n<li>Type et version du navigateur<\/li>\n<li>Syst\u00e8me d\u2019exploitation utilis\u00e9<\/li>\n<li>URL de r\u00e9f\u00e9rence<\/li>\n<li>Nom d\u2019h\u00f4te de l\u2019ordinateur qui acc\u00e8de au site<\/li>\n<li>Heure de la demande du serveur<\/li>\n<li>Adresse IP<\/li>\n<\/ul>\n<p>Ces donn\u00e9es ne sont pas recoup\u00e9es avec d\u2019autres sources de donn\u00e9es.<\/p>\n<p>Le traitement des donn\u00e9es se fonde sur l\u2019article 6, paragraphe 1, point f) du RGPD qui autorise le traitement des donn\u00e9es aux fins d\u2019ex\u00e9cution d\u2019un contrat ou de mesures pr\u00e9contractuelles.<\/p>\n<h2>5. Outils d\u2019analyse et publicit\u00e9<\/h2>\n<h3>Google Analytics<\/h3>\n<p>Ce site web utilise des fonctions du service d\u2019analyse web Google Analytics. Le fournisseur est Google Ireland Limited, Gordon House, Barrow Street, Dublin 4, Irlande.<\/p>\n<p>Google Analytics utilise ce que l\u2019on appelle des \u00ab\u2009cookies\u2009\u00bb, des fichiers texte enregistr\u00e9s sur votre ordinateur et permettant une analyse de votre utilisation du site web. Une transmission aux \u00c9tats-Unis des informations g\u00e9n\u00e9r\u00e9es par le cookie concernant votre utilisation de ce site Web ne peut pas \u00eatre exclue.<\/p>\n<p>Le stockage des cookies de Google Analytics est bas\u00e9 sur l\u2019article 6, paragraphe 1, point f du RGPD. L\u2019exploitant du site web a un int\u00e9r\u00eat l\u00e9gitime \u00e0 analyser le comportement des utilisateurs afin d\u2019optimiser \u00e0 la fois son offre web et sa publicit\u00e9.<\/p>\n<p><strong>Anonymisation des adresses IP<\/strong><\/p>\n<p>Nous avons activ\u00e9 la fonction d\u2019anonymisation des adresses IP sur ce site web. Ainsi, votre adresse IP sera raccourcie par Google dans les \u00c9tats membres de l\u2019Union europ\u00e9enne ou dans d\u2019autres \u00c9tats signataires de l\u2019accord sur l\u2019Espace \u00e9conomique europ\u00e9en avant d\u2019\u00eatre transmise aux \u00c9tats-Unis. Dans certains cas exceptionnels uniquement, l\u2019adresse IP compl\u00e8te est transmise \u00e0 un serveur de Google situ\u00e9 aux USA pour y \u00eatre abr\u00e9g\u00e9e. Google utilisera ces informations pour le compte de l\u2019exploitant du pr\u00e9sent site web afin d\u2019\u00e9valuer votre utilisation du site, de compiler des rapports sur les activit\u00e9s du site et de fournir \u00e0 l\u2019exploitant du site d\u2019autres services li\u00e9s \u00e0 l\u2019utilisation du site et d\u2019Internet. L\u2019adresse IP transmise par votre navigateur dans le cadre de Google Analytics ne sera pas associ\u00e9e \u00e0 d\u2019autres donn\u00e9es de Google.<\/p>\n<p><strong>Plug-in de navigateur<\/strong><\/p>\n<p>Vous pouvez emp\u00eacher l\u2019enregistrement des cookies en param\u00e9trant votre navigateur de mani\u00e8re ad\u00e9quate\u2009; nous vous informons cependant que vous ne pourrez alors peut-\u00eatre pas utiliser les fonctions du pr\u00e9sent site web dans leur int\u00e9gralit\u00e9. Vous pouvez, en outre, emp\u00eacher la saisie par Google des donn\u00e9es g\u00e9n\u00e9r\u00e9es par le cookie et se rapportant \u00e0 votre utilisation du site (y compris votre adresse IP) ainsi que le traitement de ces donn\u00e9es par Google en t\u00e9l\u00e9chargeant et en installant le plug-in de navigateur disponible via le lien suivant\u00a0: <a href=\"https:\/\/tools.google.com\/dlpage\/gaoptout?hl=de\" rel=\"nofollow noopener\" target=\"_blank\">https:\/\/tools.google.com\/dlpage\/gaoptout?hl=de<\/a>.<\/p>\n<p><strong>Opposition \u00e0 la collecte de donn\u00e9es<\/strong><\/p>\n<p>Vous pouvez emp\u00eacher la collecte de vos donn\u00e9es par Google Analytics en cliquant sur le lien suivant. Un cookie \u00ab\u2009opt-out\u2009\u00bb sera install\u00e9 pour emp\u00eacher la collecte de vos donn\u00e9es lors de vos prochaines visites sur ce site\u00a0: d\u00e9sactiver Google Analytics.<\/p>\n<p>Vous trouverez plus d\u2019informations sur le traitement des donn\u00e9es des utilisateurs de Google Analytics dans la d\u00e9claration de confidentialit\u00e9 de Google\u00a0: <a href=\"https:\/\/support.google.com\/analytics\/answer\/6004245?hl=de\" rel=\"nofollow noopener\" target=\"_blank\">https:\/\/support.google.com\/analytics\/answer\/6004245?hl=de<\/a>.<\/p>\n<p><strong>Traitement des donn\u00e9es de commande<\/strong><\/p>\n<p>Nous avons conclu un contrat avec Google pour le traitement des donn\u00e9es de commande et appliquons int\u00e9gralement les directives strictes de protection des donn\u00e9es des autorit\u00e9s allemandes lors de l\u2019utilisation de Google Analytics.<\/p>\n<h2>6. Newsletter<\/h2>\n<h3>Donn\u00e9es de la newsletter<\/h3>\n<p>Si vous souhaitez recevoir la newsletter propos\u00e9e sur le site, nous avons besoin d\u2019une adresse e-mail ainsi que d\u2019informations nous permettant de v\u00e9rifier que vous \u00eates bien le\/la propri\u00e9taire de l\u2019adresse e-mail indiqu\u00e9e et que vous acceptez de recevoir la newsletter. D\u2019autres donn\u00e9es ne sont pas collect\u00e9es ou uniquement sur une base volontaire. Nous utilisons ces donn\u00e9es exclusivement pour l\u2019envoi des informations demand\u00e9es et ne les transmettons pas \u00e0 des tiers.<\/p>\n<p>Le traitement des donn\u00e9es saisies dans le formulaire d\u2019inscription \u00e0 la newsletter s\u2019effectue exclusivement sur la base de votre consentement (article 6, paragraphe 1, point a du RGPD). Vous pouvez \u00e0 tout moment r\u00e9voquer votre consentement \u00e0 l\u2019enregistrement des donn\u00e9es, de l\u2019adresse e-mail et de leur utilisation pour l\u2019envoi de la newsletter, par exemple en cliquant sur le lien \u00ab\u2009se d\u00e9sinscrire\u2009\u00bb de la newsletter. La lic\u00e9it\u00e9 des op\u00e9rations de traitement des donn\u00e9es d\u00e9j\u00e0 effectu\u00e9es n\u2019est pas affect\u00e9e par la r\u00e9vocation.<\/p>\n<p>Les donn\u00e9es que vous nous avez confi\u00e9es dans le but de recevoir la newsletter sont enregistr\u00e9es par nous jusqu\u2019\u00e0 ce que vous vous d\u00e9sabonniez de la newsletter et sont supprim\u00e9es apr\u00e8s l\u2019annulation de la newsletter. Les donn\u00e9es qui ont \u00e9t\u00e9 enregistr\u00e9es chez nous \u00e0 d\u2019autres fins (par exemple les adresses e-mail pour l\u2019espace r\u00e9serv\u00e9 aux membres) ne sont pas affect\u00e9es par cette disposition.<\/p>\n<h2>7. Plugins et outils<\/h2>\n<h3>Google Maps<\/h3>\n<p>Ce site utilise le service de cartographie Google Maps via une API. Le fournisseur est Google Ireland Limited, Gordon House, Barrow Street, Dublin 4, Irlande.<\/p>\n<p>Pour utiliser les fonctions de Google Maps, il est n\u00e9cessaire d\u2019enregistrer votre adresse IP. Un transfert de vos donn\u00e9es vers les \u00c9tats-Unis ne peut \u00eatre exclu. Le fournisseur du pr\u00e9sent site n\u2019a aucune influence sur cette transmission de donn\u00e9es.<\/p>\n<p>L\u2019utilisation de Google Maps a lieu dans l\u2019int\u00e9r\u00eat d\u2019une pr\u00e9sentation attrayante de nos offres en ligne et d\u2019une recherche ais\u00e9e des lieux que nous avons indiqu\u00e9s sur le site. Cela constitue un int\u00e9r\u00eat l\u00e9gitime au sens de l\u2019article 6, paragraphe 1, point f) du RGPD.<\/p>\n<p>Vous trouverez plus d\u2019informations sur le traitement des donn\u00e9es des utilisateurs dans la d\u00e9claration de confidentialit\u00e9 de Google\u00a0: <a href=\"https:\/\/www.google.de\/intl\/de\/policies\/privacy\/\" rel=\"nofollow noopener\" target=\"_blank\">https:\/\/www.google.de\/intl\/de\/policies\/privacy\/<\/a>.<\/p>\n[\/vc_column_text][\/vc_column][\/vc_row]\n","protected":false},"excerpt":{"rendered":"<p>[vc_row type=&#8221;full_width_content&#8221; full_screen_row_position=&#8221;middle&#8221; column_margin=&#8221;default&#8221; equal_height=&#8221;yes&#8221; column_direction=&#8221;default&#8221; column_direction_tablet=&#8221;default&#8221; column_direction_phone=&#8221;default&#8221; bg_color=&#8221;rgba(0,0,0,0.03)&#8221; scene_position=&#8221;center&#8221; top_padding=&#8221;8%&#8221; bottom_padding=&#8221;6%&#8221; left_padding_desktop=&#8221;11%&#8221; constrain_group_2=&#8221;yes&#8221; right_padding_desktop=&#8221;11%&#8221; top_padding_tablet=&#8221;14%&#8221; bottom_padding_tablet=&#8221;10%&#8221; left_padding_tablet=&#8221;8%&#8221; constrain_group_4=&#8221;yes&#8221; right_padding_tablet=&#8221;8%&#8221; constrain_group_6=&#8221;yes&#8221; text_color=&#8221;dark&#8221; text_align=&#8221;left&#8221; row_border_radius=&#8221;none&#8221; row_border_radius_applies=&#8221;bg&#8221; overflow=&#8221;visible&#8221; id=&#8221;intro&#8221; advanced_gradient_angle=&#8221;0&#8243; overlay_strength=&#8221;0.3&#8243; gradient_direction=&#8221;left_to_right&#8221;&#8230;<\/p>\n","protected":false},"author":2,"featured_media":0,"parent":0,"menu_order":0,"comment_status":"closed","ping_status":"closed","template":"","meta":{"_acf_changed":false,"footnotes":""},"ppma_author":[86],"acf":[],"_links":{"self":[{"href":"https:\/\/dev.huebener-ag.eu\/fr\/wp-json\/wp\/v2\/pages\/6483"}],"collection":[{"href":"https:\/\/dev.huebener-ag.eu\/fr\/wp-json\/wp\/v2\/pages"}],"about":[{"href":"https:\/\/dev.huebener-ag.eu\/fr\/wp-json\/wp\/v2\/types\/page"}],"author":[{"embeddable":true,"href":"https:\/\/dev.huebener-ag.eu\/fr\/wp-json\/wp\/v2\/users\/2"}],"replies":[{"embeddable":true,"href":"https:\/\/dev.huebener-ag.eu\/fr\/wp-json\/wp\/v2\/comments?post=6483"}],"version-history":[{"count":3,"href":"https:\/\/dev.huebener-ag.eu\/fr\/wp-json\/wp\/v2\/pages\/6483\/revisions"}],"predecessor-version":[{"id":6486,"href":"https:\/\/dev.huebener-ag.eu\/fr\/wp-json\/wp\/v2\/pages\/6483\/revisions\/6486"}],"wp:attachment":[{"href":"https:\/\/dev.huebener-ag.eu\/fr\/wp-json\/wp\/v2\/media?parent=6483"}],"wp:term":[{"taxonomy":"author","embeddable":true,"href":"https:\/\/dev.huebener-ag.eu\/fr\/wp-json\/wp\/v2\/ppma_author?post=6483"}],"curies":[{"name":"wp","href":"https:\/\/api.w.org\/{rel}","templated":true}]}}