{"id":6878,"date":"2022-11-17T10:11:38","date_gmt":"2022-11-17T09:11:38","guid":{"rendered":"https:\/\/dev.huebener-ag.eu\/?page_id=6878"},"modified":"2024-02-08T22:53:43","modified_gmt":"2024-02-08T21:53:43","slug":"informativa-sulla-privacy","status":"publish","type":"page","link":"https:\/\/dev.huebener-ag.eu\/it\/informativa-sulla-privacy\/","title":{"rendered":"Informativa sulla privacy"},"content":{"rendered":"[vc_row type=&#8221;full_width_content&#8221; full_screen_row_position=&#8221;middle&#8221; column_margin=&#8221;default&#8221; equal_height=&#8221;yes&#8221; column_direction=&#8221;default&#8221; column_direction_tablet=&#8221;default&#8221; column_direction_phone=&#8221;default&#8221; bg_color=&#8221;rgba(0,0,0,0.03)&#8221; scene_position=&#8221;center&#8221; top_padding=&#8221;8%&#8221; bottom_padding=&#8221;6%&#8221; left_padding_desktop=&#8221;11%&#8221; constrain_group_2=&#8221;yes&#8221; right_padding_desktop=&#8221;11%&#8221; top_padding_tablet=&#8221;14%&#8221; bottom_padding_tablet=&#8221;10%&#8221; left_padding_tablet=&#8221;8%&#8221; constrain_group_4=&#8221;yes&#8221; right_padding_tablet=&#8221;8%&#8221; constrain_group_6=&#8221;yes&#8221; text_color=&#8221;dark&#8221; text_align=&#8221;left&#8221; row_border_radius=&#8221;none&#8221; row_border_radius_applies=&#8221;bg&#8221; overflow=&#8221;visible&#8221; id=&#8221;intro&#8221; advanced_gradient_angle=&#8221;0&#8243; overlay_strength=&#8221;0.3&#8243; gradient_direction=&#8221;left_to_right&#8221; shape_divider_position=&#8221;bottom&#8221; bg_image_animation=&#8221;none&#8221; gradient_type=&#8221;default&#8221; shape_type=&#8221;&#8221;][vc_column column_padding=&#8221;no-extra-padding&#8221; column_padding_tablet=&#8221;no-extra-padding&#8221; column_padding_phone=&#8221;no-extra-padding&#8221; column_padding_position=&#8221;all&#8221; column_element_direction_desktop=&#8221;default&#8221; column_element_spacing=&#8221;default&#8221; desktop_text_alignment=&#8221;default&#8221; tablet_text_alignment=&#8221;default&#8221; phone_text_alignment=&#8221;default&#8221; background_color_opacity=&#8221;1&#8243; background_hover_color_opacity=&#8221;1&#8243; column_backdrop_filter=&#8221;none&#8221; column_shadow=&#8221;none&#8221; column_border_radius=&#8221;none&#8221; column_link_target=&#8221;_self&#8221; column_position=&#8221;default&#8221; advanced_gradient_angle=&#8221;0&#8243; gradient_direction=&#8221;left_to_right&#8221; overlay_strength=&#8221;0.3&#8243; width=&#8221;1\/2&#8243; tablet_width_inherit=&#8221;default&#8221; animation_type=&#8221;default&#8221; bg_image_animation=&#8221;none&#8221; border_type=&#8221;simple&#8221; column_border_width=&#8221;none&#8221; column_border_style=&#8221;solid&#8221; gradient_type=&#8221;default&#8221; column_padding_type=&#8221;default&#8221; offset=&#8221;vc_col-lg-offset-2 vc_col-lg-8 vc_col-md-offset-0 vc_col-md-12&#8243;][split_line_heading animation_type=&#8221;line-reveal-by-space&#8221; font_style=&#8221;h1&#8243; text_color=&#8221;#004e27&#8243; line_reveal_by_space_text_effect=&#8221;default&#8221; content_alignment=&#8221;default&#8221; mobile_content_alignment=&#8221;inherit&#8221; link_target=&#8221;_self&#8221; text_content=&#8221;Informativa sulla privacy&#8221;][\/split_line_heading][vc_column_text]\n<h2>1. Riepilogo sulla tutela della privacy<\/h2>\n<h3>Indicazioni generali<\/h3>\n<p>Le note che seguono forniscono una semplice panoramica di ci\u00f2 che accade ai Suoi dati personali quando visita il nostro sito web. Per dati personali intendiamo tutti i dati con i quali \u00e8 possibile essere identificati personalmente. Informazioni dettagliate sul tema della protezione della privacy sono disponibili nella nostra Informativa sulla protezione dei dati personali riportata qui di seguito.<\/p>\n<h3>Raccolta di dati sul nostro sito web<\/h3>\n<p><strong>Chi \u00e8 responsabile della raccolta dei dati su questo sito web?<\/strong><\/p>\n<p>Il trattamento dei dati su questo sito web viene effettuato dal gestore del sito web. I dettagli di contatto del quale sono reperibili nelle Note legali di questo sito web.<\/p>\n<p><strong>In che modo raccogliamo i dati?<\/strong><\/p>\n<p>Da un lato i dati vengono raccolti quando ci vengono comunicati dai nostri utenti. Pu\u00f2 trattarsi, ad esempio, dei dati inseriti in un modulo di contatto.<\/p>\n<p>Altri dati vengono rilevati automaticamente dai nostri sistemi IT quando si visita il sito web. Si tratta principalmente di dati tecnici (ad es. browser per la navigazione in Internet, sistema operativo o orario di visualizzazione della pagina). Questi dati vengono raccolti automaticamente non appena si accede al nostro sito web.<\/p>\n<p><strong>Per che cosa utilizziamo i Suoi dati?<\/strong><\/p>\n<p>Parte dei dati \u00e8 raccolta al fine di garantire la corretta messa a disposizione del sito web. Altri dati possono essere utilizzati per analizzare il comportamento dell&#8217;utente.<\/p>\n<p><strong>Quali sono i Suoi diritti che si riferiscono ai Suoi dati?<\/strong><\/p>\n<p>In qualsiasi momento e a titolo gratuito, Le spetta il diritto di ricevere informazioni sull&#8217;origine, il destinatario e lo scopo dei dati personali raccolti. Inoltre, Le spetta il diritto di richiedere la rettifica, il blocco o la cancellazione di questi dati. A questo scopo e per ulteriori domande sul tema della protezione dei dati personali \u00e8 possibile rivolgersi a noi in qualsiasi momento, contattandoci all&#8217;indirizzo indicato nella nota legale. Sussiste inoltre il diritto di ricorrere all&#8217;autorit\u00e0 di vigilanza competente.<\/p>\n<h3>Strumenti di analisi e strumenti di terze parti<\/h3>\n<p>Quando visita il nostro sito web, il Suo comportamento di navigazione pu\u00f2 essere analizzato dal punto di bista statistico. Ci\u00f2 avviene principalmente con i cookie e con i cosiddetti programmi di analisi. L&#8217;analisi del comportamento di navigazione \u00e8 solitamente anonima; il comportamento di navigazione non pu\u00f2 essere ricondotto a uno specifico utente. \u00c8 possibile opporsi a questa analisi o prevenirla non utilizzando determinati strumenti. Informazioni dettagliate in merito sono contenute nella seguente Informativa sulla protezione dei dati personali.<\/p>\n<p>\u00c8 possibile opporsi a questa analisi. In questa Informativa sulla protezione dei dati informeremo in merito alle possibili misure di opposizione.<\/p>\n<h2>2. Note generali e informazioni obbligatorie<\/h2>\n<h3>Tutela della Privacy<\/h3>\n<p>I gestori di queste pagine prendono molto seriamente la protezione dei dati personali degli utenti. Trattiamo i dati personali con riservatezza e in conformit\u00e0 con le disposizioni di legge in materia di protezione dei dati personali e con la presente Informativa in merito.<\/p>\n<p>Quando si utilizza questo sito web, vengono raccolti vari dati personali. Sono dati personali i dati con i quali \u00e8 possibile essere identificati personalmente. La presente Informativa sulla protezione dei dati spiega quali informazioni raccogliamo e per quali finalit\u00e0 le utilizziamo. Essa spiega inoltre le modalit\u00e0 e le finalit\u00e0 della raccolta.<\/p>\n<p>\u00c8 opportuno informare che la trasmissione di dati in Internet (ad esempio la comunicazione tramite e-mail) pu\u00f2 presentare lacune per quanto concerne la sicurezza. Una protezione assoluta dei dati contro l&#8217;accesso da parte di terzi non \u00e8 possibile.<\/p>\n<h3>Nota sull&#8217;ufficio responsabile<\/h3>\n<p>L&#8217;organismo responsabile per il trattamento dei dati di questo sito web \u00e8:<\/p>\n<p>H\u00fcbener Versicherungs-AG<br \/>\nBallindamm 37<br \/>\n20095 Hamburg\/Amburgo<br \/>\nConsiglio di amministrazione: Nicolas H\u00fcbener, Dietmar Linde<\/p>\n<p>Numero di telefono: +49 40 226 31 78 \u20130<br \/>\nIndirizzo e-mail: post@huebener-ag.eu<\/p>\n<p>L&#8217;ufficio responsabile \u00e8 la persona fisica o giuridica che, da sola o insieme ad altri, decide in merito alle finalit\u00e0 e ai mezzi del trattamento dei dati personali (ad esempio nomi, indirizzi e-mail ecc.).<\/p>\n<h3>Revoca del Suo consenso al trattamento dei Suoi dati personali<\/h3>\n<p>Molte operazioni di trattamento dei dati sono possibili solo con l&#8217;esplicito consenso dell&#8217;utente. \u00c8 possibile revocare il consenso in precedenza concesso in qualsiasi momento. \u00c8 sufficiente inviarci in proposito un&#8217;e-mail informale. La revoca non pregiudica la legittimit\u00e0 del trattamento dei dati fino al momento della stessa.<\/p>\n<h3>Diritto di ricorso presso l&#8217;autorit\u00e0 di controllo competente<\/h3>\n<p>In caso di violazione della protezione dei dati personali, l&#8217;utente ha il diritto di ricorrere all&#8217;autorit\u00e0 di controllo competente. L&#8217;autorit\u00e0 di controllo competente per le questioni relative alla protezione dei dati personali \u00e8 il responsabile della protezione dei dati dello Stato federale in cui ha sede la nostra azienda. Un elenco dei responsabili della protezione dei dati e i loro recapiti sono disponibili al seguente indirizzo web: <a href=\"https:\/\/www.bfdi.bund.de\/DE\/Infothek\/Anschriften_Links\/anschriften_links-node.html\" rel=\"nofollow noopener\" target=\"_blank\">https:\/\/www.bfdi.bund.de\/DE\/Infothek\/Anschriften_Links\/anschriften_links-node.html<\/a>.<\/p>\n<h3>Diritto alla trasferibilit\u00e0 dei dati<\/h3>\n<p>L&#8217;utente ha il diritto di accedere ai dati che elaboriamo automaticamente sulla base del suo consenso o in adempimento di un obbligo contrattuale, per s\u00e9 o per terzi, in un formato comune e leggibile da un dispositivo informatico. Se si desidera trasferire i dati direttamente a un altro responsabile, ci\u00f2 avviene solo nella misura in cui sia tecnicamente fattibile.<\/p>\n<h3>Crittografia SSL\/TLS<\/h3>\n<p>Questo sito Internet utilizza la crittografia SSL o TLS per motivi di sicurezza e per proteggere la trasmissione di contenuti riservati, come ad esempio ordini o richieste, inviati a noi in qualit\u00e0 di gestori del sito. Una connessione crittografata si riconosce dal fatto che la riga dell&#8217;indirizzo del browser cambia da &#8220;http:\/\/&#8221; a &#8220;https:\/\/&#8221; e dal simbolo del lucchetto nella riga del browser.<\/p>\n<p>Se \u00e8 attivata la crittografia SSL o TLS, i dati trasmessi dall&#8217;utente non possono essere letti da terzi.<\/p>\n<h3>Informazione, blocco, cancellazione<\/h3>\n<p>Nell&#8217;ambito delle disposizioni di legge in vigore, l&#8217;utente conserva in ogni momento il diritto di ricevere, gratuitamente, informazioni sui suoi dati personali conservati, sulla loro provenienza, sul destinatario e sullo scopo del trattamento dei dati, nonch\u00e9 il diritto, se del caso, di correzione, di blocco o di cancellazione di questi dati. A questo scopo e per ulteriori domande sui dati personali \u00e8 possibile rivolgersi a noi in qualsiasi momento, contattandoci all&#8217;indirizzo indicato nella nota legale.<\/p>\n<h3>Rifiuto di e-mail promozionali<\/h3>\n<p>Con la presente ci si oppone all&#8217;utilizzo dei dati di contatto, pubblicati nell&#8217;ambito dell&#8217;obbligo di pubblicazione delle informazioni legali, per l&#8217;invio di pubblicit\u00e0 e materiale informativo non espressamente richiesti. I gestori di queste pagine si riservano espressamente il diritto di ricorrere a vie legali in caso di invio di informazioni promozionali non richieste, come ad esempio le e-mail spam.<\/p>\n<h2>3. Responsabile della protezione dei dati<\/h2>\n<h3>Responsabile della protezione dei dati richiesto dal legislatore<\/h3>\n<p>Abbiamo nominato un responsabile della protezione dei dati per la nostra azienda.<br \/>\nPu\u00f2 contattare il nostro responsabile della protezione dei dati ai seguenti recapiti:<br \/>\ndatenschutzbeauftragter@huebener-ag.eu<\/p>\n<h2>4. Raccolta di dati sul nostro sito web<\/h2>\n<h3>Cookie<\/h3>\n<p>Utilizziamo lo strumento di consenso &#8220;Real Cookie Banner&#8221; per gestire i cookie utilizzati e tecnologie simili (pixel di tracciamento, web beacon, ecc.) e il relativo consenso. I dettagli sul funzionamento di &#8220;Real Cookie Banner&#8221; sono disponibili all&#8217;indirizzo web <a href=\"https:\/\/devowl.io\/de\/rcb\/datenverarbeitung\/\" rel=\"nofollow noopener\" target=\"_blank\">https:\/\/devowl.io\/de\/rcb\/datenverarbeitung\/<\/a>.<\/p>\n<p>Le basi giuridiche per il trattamento dei dati personali in questo contesto sono l&#8217;articolo 6, comma 1 lett. c RGPD e l&#8217;articolo 6, comma 1 lett. f del RGPD. Il nostro legittimo interesse consiste nella gestione dei cookie e delle tecnologie simili utilizzate e dei relativi consensi.<\/p>\n<p>Il conferimento dei dati personali non \u00e8 n\u00e9 contrattualmente obbligatorio n\u00e9 necessario per la conclusione di un contratto. Non sei obbligato a fornire i dati personali. Se non fornisci i dati personali, non saremo in grado di gestire i Suoi consensi.<\/p>\n<h3>File di log del server<\/h3>\n<p>Il provider delle pagine acquisisce e conserva automaticamente le informazioni nei cosiddetti file di log del server, che il browser dell&#8217;utente ci trasmette automaticamente. Queste sono:<\/p>\n<ul>\n<li>Tipologia e versione del browser<\/li>\n<li>Sistema operativo utilizzato<\/li>\n<li>Referrer URL<\/li>\n<li>Nome host del computer di accesso<\/li>\n<li>Orario della richiesta al server<\/li>\n<li>Indirizzo IP<\/li>\n<\/ul>\n<p>Questi dati non vengono associati ad altre fonti di dati.<\/p>\n<p>La base per il trattamento dei dati \u00e8 l&#8217;articolo 6, comma 1 lett. f del RGPD, che consente il trattamento di dati per l&#8217;esecuzione di un contratto o di misure precontrattuali.<\/p>\n<h2>5. Strumenti di analisi e pubblicit\u00e0<\/h2>\n<h3>Google Analytics<\/h3>\n<p>Questo sito web utilizza le funzioni del servizio di analisi web Google Analytics. Il fornitore \u00e8 Google Ireland Limited, Gordon House, Barrow Street, Dublin\/Dublino 4, Ireland\/Irlanda.<\/p>\n<p>Google Analytics utilizza i cosiddetti &#8220;cookie&#8221;. Si tratta di file di testo, che vengono memorizzati sul computer dell&#8217;utente e consentono di analizzare il suo utilizzo del sito. Non si pu\u00f2 escludere la trasmissione negli Stati Uniti delle informazioni generate dai cookie relative all&#8217;uso di questo sito web.<\/p>\n<p>I cookie di Google Analytics vengono conservati in base all&#8217;articolo 6, comma 1 lett. f del GDPR. Il gestore del sito web ha un interesse legittimo ad analizzare il comportamento degli utenti, al fine di ottimizzare sia la sua offerta web, sia la sua pubblicit\u00e0.<\/p>\n<p><strong>Anonimizzazione degli IP<\/strong><\/p>\n<p>Su questo sito web abbiamo attivato la funzione di anonimizzazione dell&#8217;IP. L&#8217;indirizzo IP dell&#8217;utente, prima della sua trasmissione negli Stati Uniti, viene pertanto abbreviato da Google negli Stati membri dell&#8217;Unione europea o in altri Stati firmatari dell&#8217;accordo sullo Spazio economico europeo. Solo in casi eccezionali l\u2019indirizzo IP completo viene trasmesso per intero a un server di Google negli Stati Uniti, dove viene poi abbreviato. Per conto del gestore del presente sito web, Google utilizzer\u00e0 queste informazioni per valutare l&#8217;utilizzo del sito web da parte dell&#8217;utente, compilare rapporti sulle attivit\u00e0 del sito web e fornire altri servizi correlati all&#8217;uso del sito web e di Internet per i gestori del sito. L&#8217;indirizzo IP trasmesso dal browser dell&#8217;utente mediante Google Analytics non \u00e8 associato a nessuno degli altri dati memorizzati da Google.<\/p>\n<p><strong>Plugin del browser<\/strong><\/p>\n<p>\u00c8 possibile impedire la memorizzazione dei cookie selezionando l&#8217;impostazione corrispondente nel proprio software di navigazione; segnaliamo, tuttavia, che in tal caso potrebbe non essere possibile sfruttare a pieno tutte le funzionalit\u00e0 di questo sito. \u00c8 inoltre possibile impedire la raccolta di dati generati dai cookie sull&#8217;utilizzo del sito (compreso l&#8217;indirizzo IP) e l&#8217;elaborazione di tali dati da parte di Google, scaricando e installando il plugin per il browser disponibile al seguente link: <a href=\"https:\/\/tools.google.com\/dlpage\/gaoptout?hl=de\" rel=\"nofollow noopener\" target=\"_blank\">https:\/\/tools.google.com\/dlpage\/gaoptout?hl=it<\/a><\/p>\n<p><strong>Opposizione alla raccolta dei dati<\/strong><\/p>\n<p>L&#8217;utente pu\u00f2 impedire l&#8217;acquisizione dei dati da parte di Google Analytics facendo clic sul link qui di seguito. Viene impostato un cookie di dissociazione che impedisce la raccolta dei dati sulle visite future a questo sito Web: disattiva Google Analytics.<\/p>\n<p>Maggiori informazioni sul trattamento dei dati dell&#8217;utente da parte di Google Analytics sono disponibili nell&#8217;informativa sulla protezione dei dati di Google:\u00a0 <a href=\"https:\/\/support.google.com\/analytics\/answer\/6004245?hl=de\" rel=\"nofollow noopener\" target=\"_blank\">https:\/\/support.google.com\/analytics\/answer\/6004245?hl=de<\/a>.<\/p>\n<p><strong>Elaborazione di dati contrattuali<\/strong><\/p>\n<p>Abbiamo stipulato un contratto con Google per il trattamento dei dati contrattuali e adempiamo pienamente ai rigorosi requisiti delle autorit\u00e0 tedesche per la protezione dei dati nell&#8217;utilizzo di Google Analytics.<\/p>\n<h2>6. Newsletter<\/h2>\n<h3>Dati delle newsletter<\/h3>\n<p>Se l&#8217;utente desidera ricevere la newsletter offerta dal sito, abbiamo bisogno dell&#8217;indirizzo di posta elettronica e delle informazioni che ci permettono di verificare che l&#8217;utente sia il titolare dell&#8217;indirizzo di posta elettronica indicato e che accetta di ricevere la newsletter. Non saranno raccolti ulteriori dati, o saranno raccolti unicamente su base volontaria. Usiamo queste informazioni esclusivamente per l&#8217;invio delle informazioni richieste e non le inoltreremo a terzi.<\/p>\n<p>Pertanto, il trattamento dei dati inseriti nel modulo di contatto avviene esclusivamente a seguito del consenso dell&#8217;utente (art. 6 comma 1, lett. a del GDPR). Il consenso concesso per la memorizzazione dei dati, dell&#8217;indirizzo e-mail, nonch\u00e9 per il loro utilizzo per l&#8217;invio della newsletter pu\u00f2 essere revocato in qualsiasi momento, ad esempio attraverso il link &#8220;Annulla iscrizione&#8221; nella newsletter. La revoca non pregiudica la legittimit\u00e0 delle operazioni di trattamento dei dati gi\u00e0 effettuate.<\/p>\n<p>I dati forniti per l&#8217;iscrizione alla newsletter verranno da noi memorizzati per la durata dell&#8217;iscrizione alla newsletter e cancellati dopo la cancellazione dalla newsletter. I dati da noi memorizzati per altri scopi (ad es. indirizzi e-mail per l&#8217;area riservata) rimangono inalterati.<\/p>\n<h2>7. Plugin e strumenti<\/h2>\n<h3>Google Maps<\/h3>\n<p>In questa pagina viene utilizzato il servizio mappe di Google Maps tramite un&#8217;API. Il fornitore \u00e8 Google Ireland Limited, Gordon House, Barrow Street, Dublin\/Dublino 4, Ireland\/Irlanda.<\/p>\n<p>Per utilizzare le funzioni di Google Maps \u00e8 necessario memorizzare l&#8217;indirizzo IP dell&#8217;utente. Non si pu\u00f2 pertanto escludere il trasferimento dei vostri dati negli Stati Uniti. Il fornitore di questo sito non ha alcuna influenza su questa trasmissione di dati.<\/p>\n<p>L&#8217;utilizzo di Google Maps \u00e8 adottato nell&#8217;interesse di una rappresentazione accattivante delle nostre offerte online e di una facile reperibilit\u00e0 dei luoghi da noi indicati sul sito web. Ci\u00f2 costituisce un interesse legittimo ai sensi dell&#8217;articolo 6, comma 1 lett. f del GDPR.<\/p>\n<p>Per ulteriori informazioni sul trattamento dei dati degli utenti, consultare l&#8217;informativa sulla protezione dei dati di Google: <a href=\"https:\/\/www.google.de\/intl\/de\/policies\/privacy\/\" rel=\"nofollow noopener\" target=\"_blank\">https:\/\/www.google.de\/intl\/de\/policies\/privacy<\/a>.<\/p>\n[\/vc_column_text][\/vc_column][\/vc_row]\n","protected":false},"excerpt":{"rendered":"<p>[vc_row type=&#8221;full_width_content&#8221; full_screen_row_position=&#8221;middle&#8221; column_margin=&#8221;default&#8221; equal_height=&#8221;yes&#8221; column_direction=&#8221;default&#8221; column_direction_tablet=&#8221;default&#8221; column_direction_phone=&#8221;default&#8221; bg_color=&#8221;rgba(0,0,0,0.03)&#8221; scene_position=&#8221;center&#8221; top_padding=&#8221;8%&#8221; bottom_padding=&#8221;6%&#8221; left_padding_desktop=&#8221;11%&#8221; constrain_group_2=&#8221;yes&#8221; right_padding_desktop=&#8221;11%&#8221; top_padding_tablet=&#8221;14%&#8221; bottom_padding_tablet=&#8221;10%&#8221; left_padding_tablet=&#8221;8%&#8221; constrain_group_4=&#8221;yes&#8221; right_padding_tablet=&#8221;8%&#8221; constrain_group_6=&#8221;yes&#8221; text_color=&#8221;dark&#8221; text_align=&#8221;left&#8221; row_border_radius=&#8221;none&#8221; row_border_radius_applies=&#8221;bg&#8221; overflow=&#8221;visible&#8221; id=&#8221;intro&#8221; advanced_gradient_angle=&#8221;0&#8243; overlay_strength=&#8221;0.3&#8243; gradient_direction=&#8221;left_to_right&#8221;&#8230;<\/p>\n","protected":false},"author":2,"featured_media":0,"parent":0,"menu_order":0,"comment_status":"closed","ping_status":"closed","template":"","meta":{"_acf_changed":false,"footnotes":""},"ppma_author":[86],"acf":[],"_links":{"self":[{"href":"https:\/\/dev.huebener-ag.eu\/it\/wp-json\/wp\/v2\/pages\/6878"}],"collection":[{"href":"https:\/\/dev.huebener-ag.eu\/it\/wp-json\/wp\/v2\/pages"}],"about":[{"href":"https:\/\/dev.huebener-ag.eu\/it\/wp-json\/wp\/v2\/types\/page"}],"author":[{"embeddable":true,"href":"https:\/\/dev.huebener-ag.eu\/it\/wp-json\/wp\/v2\/users\/2"}],"replies":[{"embeddable":true,"href":"https:\/\/dev.huebener-ag.eu\/it\/wp-json\/wp\/v2\/comments?post=6878"}],"version-history":[{"count":3,"href":"https:\/\/dev.huebener-ag.eu\/it\/wp-json\/wp\/v2\/pages\/6878\/revisions"}],"predecessor-version":[{"id":6881,"href":"https:\/\/dev.huebener-ag.eu\/it\/wp-json\/wp\/v2\/pages\/6878\/revisions\/6881"}],"wp:attachment":[{"href":"https:\/\/dev.huebener-ag.eu\/it\/wp-json\/wp\/v2\/media?parent=6878"}],"wp:term":[{"taxonomy":"author","embeddable":true,"href":"https:\/\/dev.huebener-ag.eu\/it\/wp-json\/wp\/v2\/ppma_author?post=6878"}],"curies":[{"name":"wp","href":"https:\/\/api.w.org\/{rel}","templated":true}]}}